{"id":10165,"date":"2018-04-17T17:15:23","date_gmt":"2018-04-17T15:15:23","guid":{"rendered":"http:\/\/www.bouxhof.fr\/?page_id=10165"},"modified":"2021-10-05T16:06:44","modified_gmt":"2021-10-05T14:06:44","slug":"mentions-legales","status":"publish","type":"page","link":"http:\/\/www.bouxhof.fr\/en_us\/mentions-legales\/","title":{"rendered":"Mentions l\u00e9gales"},"content":{"rendered":"<div class=\"vc_row wpb_row vc_row-fluid\"><div class=\"wpb_column vc_column_container vc_col-sm-12\"><div class=\"vc_column-inner\"><div class=\"wpb_wrapper\">\r\n\t<div class=\"wpb_text_column wpb_content_element\" >\r\n\t\t<div class=\"wpb_wrapper\">\r\n\t\t\t<div class=\"item_fulltext\">\n<h3 class=\"visible-first\">Raison Sociale : EARL DOMAINE BOUXHOF EDEL F. ET FILS<\/h3>\n<p><strong>Si\u00e8ge social :&nbsp;<\/strong>44 Rue du G\u00e9n\u00e9ral de Gaulle, 68630 Mittelwihr, France<br \/>\n<strong>T\u00e9l<\/strong> : 03 89 47 90 34<br \/>\n<strong>Mail : <\/strong>edel.bouxhof1@gmail.com<span id=\"cloak5dd12b83daf45d3e81f0e2fe6377e012\"><\/span><br \/>\n<strong>Horaires :<\/strong> du lundi au samedi de 9h \u00e0 12h et de 14h \u00e0 18h<br \/>\n<strong>Directeur de la publication :<\/strong> Gillian EDEL<\/p>\n<h3 class=\"visible-first\">Entreprise agricole \u00e0 responsabilit\u00e9 limit\u00e9e<\/h3>\n<p><strong>RCS :<\/strong> Colmar D 342 934 239<br \/>\n<strong>SIRET :<\/strong> 34293423900019<br \/>\n<strong>Code APE :<\/strong> 0121Z (Culture de la vigne)<br \/>\n<strong>Identification intracommunautaire<\/strong> : FR 68 342934239<\/p>\n<h3 class=\"visible visible-first\">H\u00e9bergeur :<\/h3>\n<p>1&amp;1 Internet SARL<br \/>\n7, place de la Gare<br \/>\nBP 70 109<br \/>\n57201 SARREGUEMINES CEDEX<\/p>\n<h3 class=\"visible visible-first\">Donn\u00e9es personnelles :<\/h3>\n<p>Les informations recueillies lors d&rsquo;une demande de contact ou d&rsquo;un devis fond l&rsquo;objet d&rsquo;un traitement informatique destin\u00e9 \u00e0 vous communiquer les nouveaut\u00e9s et promotions ou \u00e9tablir un devis. Elles seront utilis\u00e9es uniquement par le domaine du Bouxhof.<br \/>\nConform\u00e9ment \u00e0 la loi \u00ab\u00a0informatique et libert\u00e9s\u00a0\u00bb du 6 janvier 1978 modifi\u00e9e en 2004, vous b\u00e9n\u00e9ficiez d&rsquo;un droit d&rsquo;acc\u00e8s et de rectification aux informations qui vous concernent, que vous pouvez exercer en vous adressant :<\/p>\n<ul>\n<li class=\"firstItem\">A l&rsquo;adresse du domaine du Bouxhof<\/li>\n<li class=\"lastItem\">Ou par e-mail edel.bouxhof1@gmail.com<span id=\"cloak6ab1f67f3bef72f18201e385a3b49052\"><\/span><\/li>\n<\/ul>\n<p>Vous pouvez \u00e9galement, pour des motifs l\u00e9gitimes, vous opposer au traitement des donn\u00e9es vous concernant.<\/p>\n<h3>Politique de cookie<\/h3>\n<p>Ce site utilise des cookies. Un \u00ab\u00a0cookie\u00a0\u00bb est une information qu&rsquo;un site internet envoie \u00e0 votre navigateur. Il aide le site \u00e0 m\u00e9moriser des informations sur vous ou vos pr\u00e9f\u00e9rences pour faciliter votre navigation sur le site. Le cookie nous aide aussi \u00e0 \u00e9tablir les statistiques de fr\u00e9quentation et d&rsquo;utilisation de notre site. Nous n&rsquo;utilisons pas l&rsquo;information rapport\u00e9e par les cookies \u00e0 des fins \u00e9trang\u00e8res \u00e0 ce site.<br \/>\nToutefois, vous pouvez pr\u00e9f\u00e9rer d\u00e9sactiver les cookies sur ce site et sur d&rsquo;autres. Le moyen le plus efficace consiste \u00e0 d\u00e9sactiver les cookies dans votre navigateur. Nous vous sugg\u00e9rons de consulter la section Aide de votre navigateur ou de consulter le site Web <a href=\"https:\/\/www.cnil.fr\/fr\/cookies-les-outils-pour-les-maitriser\" target=\"_blank\" rel=\"noopener noreferrer\">de la CNIL<\/a> qui propose des conseils pour tous les navigateurs modernes.<\/p>\n<\/div>\n\r\n\t\t<\/div>\r\n\t<\/div>\r\n<\/div><\/div><\/div><\/div>","protected":false},"excerpt":{"rendered":"Raison Sociale : EARL DOMAINE BOUXHOF EDEL F. ET FILS Si\u00e8ge social :&nbsp;44 Rue du G\u00e9n\u00e9ral de Gaulle, 68630 Mittelwihr, France T\u00e9l : 03 89 47 90 34 Mail : edel.bouxhof1@gmail.com Horaires : du lundi au samedi de 9h \u00e0 12h et de 14h \u00e0 18h Directeur de la publication : Gillian EDEL Entreprise agricole [...]","protected":false},"author":1,"featured_media":0,"parent":0,"menu_order":0,"comment_status":"closed","ping_status":"closed","template":"","meta":{"ngg_post_thumbnail":0},"_links":{"self":[{"href":"http:\/\/www.bouxhof.fr\/en_us\/wp-json\/wp\/v2\/pages\/10165"}],"collection":[{"href":"http:\/\/www.bouxhof.fr\/en_us\/wp-json\/wp\/v2\/pages"}],"about":[{"href":"http:\/\/www.bouxhof.fr\/en_us\/wp-json\/wp\/v2\/types\/page"}],"author":[{"embeddable":true,"href":"http:\/\/www.bouxhof.fr\/en_us\/wp-json\/wp\/v2\/users\/1"}],"replies":[{"embeddable":true,"href":"http:\/\/www.bouxhof.fr\/en_us\/wp-json\/wp\/v2\/comments?post=10165"}],"version-history":[{"count":1,"href":"http:\/\/www.bouxhof.fr\/en_us\/wp-json\/wp\/v2\/pages\/10165\/revisions"}],"predecessor-version":[{"id":12339,"href":"http:\/\/www.bouxhof.fr\/en_us\/wp-json\/wp\/v2\/pages\/10165\/revisions\/12339"}],"wp:attachment":[{"href":"http:\/\/www.bouxhof.fr\/en_us\/wp-json\/wp\/v2\/media?parent=10165"}],"curies":[{"name":"wp","href":"https:\/\/api.w.org\/{rel}","templated":true}]}}