{"id":10477,"date":"2018-04-18T10:25:52","date_gmt":"2018-04-18T08:25:52","guid":{"rendered":"http:\/\/www.bouxhof.fr\/?page_id=10477"},"modified":"2019-12-12T16:57:39","modified_gmt":"2019-12-12T15:57:39","slug":"cote-vigne-2","status":"publish","type":"page","link":"http:\/\/www.bouxhof.fr\/en_us\/cote-vigne-2\/","title":{"rendered":"The vineyards"},"content":{"rendered":"<div class=\"vc_row wpb_row vc_row-fluid vc_custom_1524143436518\"><div class=\"wpb_column vc_column_container vc_col-sm-12\"><div class=\"vc_column-inner\"><div class=\"wpb_wrapper\"><div class=\"ult-animation  ult-animate-viewport  ult-no-mobile\" data-animate=\"fadeInDown\" data-animation-delay=\"1\" data-animation-duration=\"1\" data-animation-iteration=\"1\" style=\"opacity:0;\" data-opacity_start_effect=\"\"><div class='dt-sc-title script-with-sub-title aligncenter'><h2>Birth of a wine<\/h2><h3><\/h3><\/div><\/div><div class=\"ult-spacer spacer-69de624fb43ea\" data-id=\"69de624fb43ea\" data-height=\"30\" data-height-mobile=\"30\" data-height-tab=\"30\" data-height-tab-portrait=\"\" data-height-mobile-landscape=\"\" style=\"clear:both;display:block;\"><\/div><\/div><\/div><\/div><\/div><div class=\"vc_row wpb_row vc_row-fluid\"><div class=\"wpb_column vc_column_container vc_col-sm-6\"><div class=\"vc_column-inner\"><div class=\"wpb_wrapper\"><div class=\"ult-animation  ult-no-mobile\" data-animate=\"fadeInDown\" data-animation-delay=\"0.3\" data-animation-duration=\"0.3\" data-animation-iteration=\"1\" style=\"\" ><h3 style=\"color: #388e3c;text-align: center\" class=\"vc_custom_heading\">Winter<\/h3><img width=\"960\" height=\"450\" src=\"https:\/\/www.bouxhof.fr\/wp-content\/uploads\/2018\/07\/cote-vigne-hiver-1.jpg\" class=\"alignnone attachment-full\" alt=\"\" decoding=\"async\" loading=\"lazy\" srcset=\"https:\/\/www.bouxhof.fr\/wp-content\/uploads\/2018\/07\/cote-vigne-hiver-1.jpg 960w, https:\/\/www.bouxhof.fr\/wp-content\/uploads\/2018\/07\/cote-vigne-hiver-1-500x234.jpg 500w, https:\/\/www.bouxhof.fr\/wp-content\/uploads\/2018\/07\/cote-vigne-hiver-1-300x141.jpg 300w, https:\/\/www.bouxhof.fr\/wp-content\/uploads\/2018\/07\/cote-vigne-hiver-1-768x360.jpg 768w\" sizes=\"(max-width: 960px) 100vw, 960px\" \/><div class=\"ult-spacer spacer-69de624fb6edc\" data-id=\"69de624fb6edc\" data-height=\"20\" data-height-mobile=\"20\" data-height-tab=\"20\" data-height-tab-portrait=\"\" data-height-mobile-landscape=\"\" style=\"clear:both;display:block;\"><\/div>\r\n\t<div class=\"wpb_text_column wpb_content_element\" >\r\n\t\t<div class=\"wpb_wrapper\">\r\n\t\t\t<p>The main work to be done during the vines\u2019 resting period is the pruning. The quantity of the yield is already limited by pruning short to ensure good quality of future grapes.<\/p>\n<p>We choose two small branches from the vine stock ( guyot poussard pruning) with several spurs, while the remaining prunings are put on the ground and crushed to make natural compost.<\/p>\n<p>The broken posts are replaced and the wires are tightened. The vine stock is then attached to the wire and each of the two branches pulled down in a semicircle.<\/p>\n<p>This must be done before mid-April before the vine starts to grow and the first leaves appear.<br \/>\nThe soil structural stability is improved by ploughing and crushing of the wood to form natural humus with a living and aerated soil.<\/p>\n<p>&nbsp;<\/p>\n\r\n\t\t<\/div>\r\n\t<\/div>\r\n<\/div><div class=\"ult-spacer spacer-69de624fb70be\" data-id=\"69de624fb70be\" data-height=\"50\" data-height-mobile=\"50\" data-height-tab=\"50\" data-height-tab-portrait=\"\" data-height-mobile-landscape=\"\" style=\"clear:both;display:block;\"><\/div><\/div><\/div><\/div><div class=\"wpb_column vc_column_container vc_col-sm-6\"><div class=\"vc_column-inner\"><div class=\"wpb_wrapper\"><div class=\"ult-animation  ult-no-mobile\" data-animate=\"No Animation\" data-animation-delay=\"0.3\" data-animation-duration=\"0.3\" data-animation-iteration=\"1\" style=\"\" ><h3 style=\"color: #388e3c;text-align: center\" class=\"vc_custom_heading\">Spring<\/h3>\r\n\t<div class=\"wpb_text_column wpb_content_element\" >\r\n\t\t<div class=\"wpb_wrapper\">\r\n\t\t\t<p>After the period of rest the sun heats up the ground, so it is also the time for new planting.<\/p>\n<p>We analyse the soil to find the best-suited grape variety and graft, then aerate the soil to receive the new plants in optimum conditions.<\/p>\n<p>These will only be fully productive after 4 to 5 years. We place straw in every second row to bring natural humus to the vines, and therefore avoid the use of chemical fertilisers or weed-killer.<\/p>\n<p>&nbsp;<\/p>\n<p><img decoding=\"async\" loading=\"lazy\" class=\"alignleft wp-image-11006 size-medium\" src=\"http:\/\/www.bouxhof.fr\/wp-content\/uploads\/2018\/07\/cote-vigne-printemps-300x225.jpg\" alt=\"\" width=\"300\" height=\"225\" srcset=\"https:\/\/www.bouxhof.fr\/wp-content\/uploads\/2018\/07\/cote-vigne-printemps-300x225.jpg 300w, https:\/\/www.bouxhof.fr\/wp-content\/uploads\/2018\/07\/cote-vigne-printemps-500x375.jpg 500w, https:\/\/www.bouxhof.fr\/wp-content\/uploads\/2018\/07\/cote-vigne-printemps-768x576.jpg 768w, https:\/\/www.bouxhof.fr\/wp-content\/uploads\/2018\/07\/cote-vigne-printemps.jpg 960w\" sizes=\"(max-width: 300px) 100vw, 300px\" \/>Grass is planted in the other rows. This process has numerous advantages: we avoid any chemical weed-killer, the grass favours the development of a \u201cterroir\u201d wine as the vine roots have to plunge deeper to feed in competition with the grass, the yields are reduced naturally, the foliage is less dense hence less prone to disease, soil erosion is reduced as the grass keeps the soil in place and as the soil is less compressed there is more biological activity therein.As the vines grow we have to take away superfluous branches and those growing on the inferior part of the vine stock, as they waste the rising sap instead of letting the old wood benefit from them.<\/p>\n<p>&nbsp;<\/p>\n\r\n\t\t<\/div>\r\n\t<\/div>\r\n<\/div><div class=\"ult-spacer spacer-69de624fb7a88\" data-id=\"69de624fb7a88\" data-height=\"50\" data-height-mobile=\"50\" data-height-tab=\"50\" data-height-tab-portrait=\"\" data-height-mobile-landscape=\"\" style=\"clear:both;display:block;\"><\/div><\/div><\/div><\/div><\/div><div class=\"vc_row wpb_row vc_row-fluid\"><div class=\"wpb_column vc_column_container vc_col-sm-12\"><div class=\"vc_column-inner vc_custom_1497935190735\"><div class=\"wpb_wrapper\"><div class=\"ult-animation  ult-no-mobile\" data-animate=\"fadeInDown\" data-animation-delay=\"0.3\" data-animation-duration=\"0.3\" data-animation-iteration=\"1\" style=\"\" ><h3 style=\"color: #388e3c;text-align: center\" class=\"vc_custom_heading\">Summer<\/h3><\/div><\/div><\/div><\/div><\/div><div class=\"vc_row wpb_row vc_row-fluid\"><div class=\"wpb_column vc_column_container vc_col-sm-6\"><div class=\"vc_column-inner vc_custom_1497935190735\"><div class=\"wpb_wrapper\"><img width=\"960\" height=\"720\" src=\"https:\/\/www.bouxhof.fr\/wp-content\/uploads\/2018\/07\/cote-vigne-\u00e9t\u00e9.jpg\" class=\"alignnone attachment-full\" alt=\"\" decoding=\"async\" loading=\"lazy\" srcset=\"https:\/\/www.bouxhof.fr\/wp-content\/uploads\/2018\/07\/cote-vigne-\u00e9t\u00e9.jpg 960w, https:\/\/www.bouxhof.fr\/wp-content\/uploads\/2018\/07\/cote-vigne-\u00e9t\u00e9-500x375.jpg 500w, https:\/\/www.bouxhof.fr\/wp-content\/uploads\/2018\/07\/cote-vigne-\u00e9t\u00e9-300x225.jpg 300w, https:\/\/www.bouxhof.fr\/wp-content\/uploads\/2018\/07\/cote-vigne-\u00e9t\u00e9-768x576.jpg 768w\" sizes=\"(max-width: 960px) 100vw, 960px\" \/><\/div><\/div><\/div><div class=\"wpb_column vc_column_container vc_col-sm-6\"><div class=\"vc_column-inner\"><div class=\"wpb_wrapper\"><div class=\"ult-animation  ult-no-mobile\" data-animate=\"No Animation\" data-animation-delay=\"0.3\" data-animation-duration=\"0.3\" data-animation-iteration=\"1\" style=\"\" >\r\n\t<div class=\"wpb_text_column wpb_content_element\" >\r\n\t\t<div class=\"wpb_wrapper\">\r\n\t\t\t<p>After the flowering, the rows of vines need to be kept tidy, so the branches do not form a roof above the vine, thus creating shadow and poor aeration.<\/p>\n<p>The moment when the vegetation is trained and trimmed is chosen in order not to inhibit the formation of young leaves which are essential for good sugar content in the grapes.<\/p>\n<p>In mid-August, we thin out the leaves to allow the grapes to ripen in maximal sun until the harvest. This also reduces the risk of rot. We then \u201cgreen\u201d harvest by taking off grapes which are unlikely to reach sufficient maturity and thereby reduce the yield.<\/p>\n<p>Once again quality is improved, as the remaining grapes benefit more from the summer sun. It would be harmful to leave the vine without any protection during the vegetative stage. We prepare our treatments against plant diseases (mildew, o\u00efdium) and against insect pests. Insect traps are installed which diffuse hormones, the number of insects trapped every 2-3 days being a measure of the flight and laying peaks which can assist in treatment regimens.<\/p>\n<p>&nbsp;<\/p>\n\r\n\t\t<\/div>\r\n\t<\/div>\r\n<\/div><\/div><\/div><\/div><\/div><div class=\"vc_row wpb_row vc_row-fluid\"><div class=\"wpb_column vc_column_container vc_col-sm-12\"><div class=\"vc_column-inner vc_custom_1497935190735\"><div class=\"wpb_wrapper\"><div class=\"ult-spacer spacer-69de624fb95a4\" data-id=\"69de624fb95a4\" data-height=\"20\" data-height-mobile=\"20\" data-height-tab=\"20\" data-height-tab-portrait=\"\" data-height-mobile-landscape=\"\" style=\"clear:both;display:block;\"><\/div>\r\n\t<div class=\"wpb_text_column wpb_content_element\" >\r\n\t\t<div class=\"wpb_wrapper\">\r\n\t\t\t<p>&nbsp;<\/p>\n<p>&nbsp;<\/p>\n<p>&nbsp;<\/p>\n<p>&nbsp;<\/p>\n\r\n\t\t<\/div>\r\n\t<\/div>\r\n<h3 style=\"color: #277a2a;text-align: center\" class=\"vc_custom_heading\">Harvest<\/h3><\/div><\/div><\/div><\/div><div class=\"vc_row wpb_row vc_row-fluid\"><div class=\"wpb_column vc_column_container vc_col-sm-6\"><div class=\"vc_column-inner vc_custom_1497935190735\"><div class=\"wpb_wrapper\"><div class=\"ult-animation  ult-no-mobile\" data-animate=\"No Animation\" data-animation-delay=\"0.3\" data-animation-duration=\"0.3\" data-animation-iteration=\"1\" style=\"\" >\r\n\t<div class=\"wpb_text_column wpb_content_element\" >\r\n\t\t<div class=\"wpb_wrapper\">\r\n\t\t\t<p>September and October temperatures play a critical role, as then the grapes develop colour, the sugar level increases and the acidity diminishes.<\/p>\n<p>We follow the ripening cycle with great attention in order to choose the best time to harvest each site.<\/p>\n<p>The grapes are brought to the Domaine and put carefully on to our state-of-the-art pneumatic press which has many different pressing programs. The choice of program depends on the grape variety, the quality, the vintage and the state of the grapes, to get a must of very high quality.<\/p>\n<p>The time between the early morning harvesting of the grapes and the pressing must be very short to avoid the use of SO2.<\/p>\n<p>The Domaine being situated in the middle of our vines is therefore advantageous.<\/p>\n\r\n\t\t<\/div>\r\n\t<\/div>\r\n<\/div><\/div><\/div><\/div><div class=\"wpb_column vc_column_container vc_col-sm-6\"><div class=\"vc_column-inner\"><div class=\"wpb_wrapper\"><div class=\"ult-animation  ult-no-mobile\" data-animate=\"fadeInLeft\" data-animation-delay=\"0.3\" data-animation-duration=\"0.3\" data-animation-iteration=\"1\" style=\"\" >\n\t<div  class=\"wpb_single_image wpb_content_element vc_align_center  vc_custom_1531147393848\">\n\t\t\n\t\t<figure class=\"wpb_wrapper vc_figure\">\n\t\t\t<div class=\"vc_single_image-wrapper   vc_box_border_grey\"><img width=\"960\" height=\"720\" src=\"https:\/\/www.bouxhof.fr\/wp-content\/uploads\/2018\/07\/cote-vigne-vendanges.jpg\" class=\"vc_single_image-img attachment-full\" alt=\"\" decoding=\"async\" loading=\"lazy\" srcset=\"https:\/\/www.bouxhof.fr\/wp-content\/uploads\/2018\/07\/cote-vigne-vendanges.jpg 960w, https:\/\/www.bouxhof.fr\/wp-content\/uploads\/2018\/07\/cote-vigne-vendanges-500x375.jpg 500w, https:\/\/www.bouxhof.fr\/wp-content\/uploads\/2018\/07\/cote-vigne-vendanges-300x225.jpg 300w, https:\/\/www.bouxhof.fr\/wp-content\/uploads\/2018\/07\/cote-vigne-vendanges-768x576.jpg 768w\" sizes=\"(max-width: 960px) 100vw, 960px\" \/><\/div>\n\t\t<\/figure>\n\t<\/div>\n<\/div><\/div><\/div><\/div><\/div><div class=\"vc_row wpb_row vc_row-fluid\"><div class=\"wpb_column vc_column_container vc_col-sm-12\"><div class=\"vc_column-inner\"><div class=\"wpb_wrapper\"><div class=\"ult-spacer spacer-69de624fbb227\" data-id=\"69de624fbb227\" data-height=\"100\" data-height-mobile=\"100\" data-height-tab=\"100\" data-height-tab-portrait=\"\" data-height-mobile-landscape=\"\" style=\"clear:both;display:block;\"><\/div><\/div><\/div><\/div><\/div>","protected":false},"excerpt":{"rendered":"Le procesusL'hiver Le travail effectu\u00e9 durant la p\u00e9riode de repos v\u00e9g\u00e9tatif est la taille de la vigne. En taillant court, nous influen\u00e7ons la production qualitative et quantitative en limitant les rendements. Nous choisissons deux petites baguettes venant du cep (taille Guyot poussard) avec des coursons et conservons \u00e0 la souche la forme et la jeunesse [...]","protected":false},"author":1,"featured_media":0,"parent":0,"menu_order":0,"comment_status":"closed","ping_status":"closed","template":"","meta":{"ngg_post_thumbnail":0},"_links":{"self":[{"href":"http:\/\/www.bouxhof.fr\/en_us\/wp-json\/wp\/v2\/pages\/10477"}],"collection":[{"href":"http:\/\/www.bouxhof.fr\/en_us\/wp-json\/wp\/v2\/pages"}],"about":[{"href":"http:\/\/www.bouxhof.fr\/en_us\/wp-json\/wp\/v2\/types\/page"}],"author":[{"embeddable":true,"href":"http:\/\/www.bouxhof.fr\/en_us\/wp-json\/wp\/v2\/users\/1"}],"replies":[{"embeddable":true,"href":"http:\/\/www.bouxhof.fr\/en_us\/wp-json\/wp\/v2\/comments?post=10477"}],"version-history":[{"count":0,"href":"http:\/\/www.bouxhof.fr\/en_us\/wp-json\/wp\/v2\/pages\/10477\/revisions"}],"wp:attachment":[{"href":"http:\/\/www.bouxhof.fr\/en_us\/wp-json\/wp\/v2\/media?parent=10477"}],"curies":[{"name":"wp","href":"https:\/\/api.w.org\/{rel}","templated":true}]}}