{"id":10531,"date":"2018-04-18T11:53:22","date_gmt":"2018-04-18T09:53:22","guid":{"rendered":"http:\/\/www.bouxhof.fr\/?page_id=10531"},"modified":"2020-12-02T16:51:33","modified_gmt":"2020-12-02T15:51:33","slug":"terroirs-et-grands-crus","status":"publish","type":"page","link":"http:\/\/www.bouxhof.fr\/en_us\/terroirs-et-grands-crus\/","title":{"rendered":"Terroirs et grands crus"},"content":{"rendered":"<div class=\"vc_row wpb_row vc_row-fluid vc_custom_1524143359830\"><div class=\"wpb_column vc_column_container vc_col-sm-12\"><div class=\"vc_column-inner\"><div class=\"wpb_wrapper\"><h3 style=\"color: #277a2a;text-align: center\" class=\"vc_custom_heading\">Alsace Grape varieties<\/h3><\/div><\/div><\/div><\/div><div class=\"vc_row wpb_row vc_row-fluid\"><div class=\"wpb_column vc_column_container vc_col-sm-6\"><div class=\"vc_column-inner\"><div class=\"wpb_wrapper\"><div class=\"ult-animation  ult-no-mobile\" data-animate=\"fadeInLeft\" data-animation-delay=\"0.3\" data-animation-duration=\"0.3\" data-animation-iteration=\"1\" style=\"\" >\n\t<div class=\"wpb_raw_code wpb_content_element wpb_raw_html\" >\n\t\t<div class=\"wpb_wrapper\">\n\t\t\t<div class=\"dt-sc-menu\">   \n    <div class=\"dt-sc-menu-details\">\n        <h6 style=\"color:#388e3c; font-weight:bold;\">Pinot Blanc<\/h6>\n        <p>Elegant and balanced, supple yet dry, this is an ideal all-purpose wine, to be served with starters, white meat, hams, quiches, fish and salads.<\/p>\n    <\/div>\n<\/div>\n<div class=\"dt-sc-menu\">   \n    <div class=\"dt-sc-menu-details\">\n        <h6 style=\"color:#388e3c; font-weight:bold;\">Riesling<\/h6>\n        <p>Nervous, fine and delicately grapey, its bouquet is flowery with some mineral notes. Ideal with fish, shell-fish, but also with white meats and the famous \u00ab\u00a0Choucroute Alsacienne\u00a0\u00bb.<\/p>\n    <\/div>\n<\/div>\n<div class=\"dt-sc-menu\">   \n    <div class=\"dt-sc-menu-details\">\n        <h6 style=\"color:#388e3c; font-weight:bold;\">Pinot Gris<\/h6>\n        <p>Generous and rich, heady and smooth, with a slightly smoked bouquet, this wine goes well with poultry, succulent roasts and  mushroom dishes.<\/p>\n    <\/div>\n<\/div>\n<div class=\"dt-sc-menu\">   \n    <div class=\"dt-sc-menu-details\">\n        <h6 style=\"color:#388e3c; font-weight:bold;\">Muscat<\/h6>\n        <p>Fruity, like biting into a fresh bunch of grapes, with a characteristic bouquet, it is marvellous as a reception wine, especially as an aperitif and with asparagus or melon.<\/p>\n    <\/div>\n<\/div>\n<div class=\"dt-sc-menu\">   \n    <div class=\"dt-sc-menu-details\">\n        <h6 style=\"color:#388e3c; font-weight:bold;\">Gewurztraminer<\/h6>\n        <p>A fruity wine with floral and exotic aromas, it has a rich and round structure which is perfect with spicy, sweet and sour dishes and strong cheeses, captivating at parties as an aperitif or as a dessert wine.<\/p>\n    <\/div>\n<\/div>\n\t\t<\/div>\n\t<\/div>\n<\/div><\/div><\/div><\/div><div class=\"wpb_column vc_column_container vc_col-sm-6\"><div class=\"vc_column-inner\"><div class=\"wpb_wrapper\"><div class=\"ult-animation  ult-no-mobile\" data-animate=\"fadeInRight\" data-animation-delay=\"0.3\" data-animation-duration=\"0.3\" data-animation-iteration=\"1\" style=\"\" >\n\t<div class=\"wpb_raw_code wpb_content_element wpb_raw_html\" >\n\t\t<div class=\"wpb_wrapper\">\n\t\t\t<div class=\"dt-sc-menu\">   \n    <div class=\"dt-sc-menu-details\">\n        <h6 style=\"color:#277A2A; font-weight:bold;\">Pinot Noir<\/h6>\n        <p>A red wine, appreciated for its elegant bouquet with red fruit aromas, which is a delicious accompaniment to roast poultry, grilled and roasted meats or game.<\/p>\n    <\/div>\n<\/div>\n<div class=\"dt-sc-menu\">   \n    <div class=\"dt-sc-menu-details\">\n        <h6 style=\"color:#277A2A; font-weight:bold;\">Cr\u00e9mant <\/h6>\n        <p>The fruity apple aromas and fresh balance make it a wonderfully festive bubbly wine for all celebrations.\n<\/p>\n    <\/div>\n<\/div>\n<div class=\"dt-sc-menu\">   \n    <div class=\"dt-sc-menu-details\">\n        <h6 style=\"color:#277A2A; font-weight:bold;\">Vendanges Tardives\u00a0(Late harvest wines) :<\/h6>\n        <p>Born of selected and over-ripe Riesling, Pinot Gris or Gewurztraminer grapes, these wines are real masterpieces. The intense golden yellow colour, the exquisite and powerful aromas, the complex and rich taste, will make your taste buds sing with joy. Obligatory with Foie Gras or a dessert.\n<\/p>\n    <\/div>\n<\/div>\n<div class=\"dt-sc-menu\">   \n    <div class=\"dt-sc-menu-details\">\n        <h6 style=\"color:#277A2A; font-weight:bold;\">Mention \u00ab S\u00e9lection de Grains Nobles \u00bb<\/h6>\n        <p>These exceptional wines are special and highly prestigious. Obtained exclusively from grapes of optimal quality and concentration that have developed the noble rot, these are rare wines indeed. They are subject to the most rigorous legislation and are part of the elite of great wines. These extraordinarily unique wines manage to ally exquisite powerful aromas and a sublime generous taste to charm your senses. To be savoured with a dessert or after an excellent meal.<\/p>\n    <\/div>\n<\/div>\n\n\n\t\t<\/div>\n\t<\/div>\n<\/div><\/div><\/div><\/div><\/div><div data-vc-full-width=\"true\" data-vc-full-width-init=\"false\" data-vc-stretch-content=\"true\" class=\"vc_row wpb_row vc_row-fluid wpb_animate_when_almost_visible wpb_fadeInUp fadeInUp vc_row-no-padding\"><div class=\"wpb_column vc_column_container vc_col-sm-4\"><div class=\"vc_column-inner\"><div class=\"wpb_wrapper\"><div class='dt-sc-image-caption'><div class='dt-sc-image-wrapper'><img width=\"750\" height=\"422\" src=\"https:\/\/www.bouxhof.fr\/wp-content\/uploads\/2018\/07\/terroir-gc-1.jpg\" class=\"attachment-full\" alt=\"\" decoding=\"async\" loading=\"lazy\" srcset=\"https:\/\/www.bouxhof.fr\/wp-content\/uploads\/2018\/07\/terroir-gc-1.jpg 750w, https:\/\/www.bouxhof.fr\/wp-content\/uploads\/2018\/07\/terroir-gc-1-500x281.jpg 500w, https:\/\/www.bouxhof.fr\/wp-content\/uploads\/2018\/07\/terroir-gc-1-300x169.jpg 300w\" sizes=\"(max-width: 750px) 100vw, 750px\" \/><\/div><div class='dt-sc-image-content'><div class='dt-sc-image-title'><h3><\/h3><\/div><p><\/p><\/div><\/div><\/div><\/div><\/div><div class=\"wpb_column vc_column_container vc_col-sm-4\"><div class=\"vc_column-inner\"><div class=\"wpb_wrapper\"><div class='dt-sc-image-caption'><div class='dt-sc-image-wrapper'><img width=\"750\" height=\"422\" src=\"https:\/\/www.bouxhof.fr\/wp-content\/uploads\/2018\/07\/terroir-gc-2.jpg\" class=\"attachment-full\" alt=\"\" decoding=\"async\" loading=\"lazy\" srcset=\"https:\/\/www.bouxhof.fr\/wp-content\/uploads\/2018\/07\/terroir-gc-2.jpg 750w, https:\/\/www.bouxhof.fr\/wp-content\/uploads\/2018\/07\/terroir-gc-2-500x281.jpg 500w, https:\/\/www.bouxhof.fr\/wp-content\/uploads\/2018\/07\/terroir-gc-2-300x169.jpg 300w\" sizes=\"(max-width: 750px) 100vw, 750px\" \/><\/div><div class='dt-sc-image-content'><div class='dt-sc-image-title'><h3><\/h3><\/div><p><\/p><\/div><\/div><\/div><\/div><\/div><div class=\"wpb_column vc_column_container vc_col-sm-4\"><div class=\"vc_column-inner\"><div class=\"wpb_wrapper\"><div class='dt-sc-image-caption'><div class='dt-sc-image-wrapper'><img width=\"750\" height=\"422\" src=\"https:\/\/www.bouxhof.fr\/wp-content\/uploads\/2018\/07\/terroir-gc-4.jpg\" class=\"attachment-full\" alt=\"\" decoding=\"async\" loading=\"lazy\" srcset=\"https:\/\/www.bouxhof.fr\/wp-content\/uploads\/2018\/07\/terroir-gc-4.jpg 750w, https:\/\/www.bouxhof.fr\/wp-content\/uploads\/2018\/07\/terroir-gc-4-500x281.jpg 500w, https:\/\/www.bouxhof.fr\/wp-content\/uploads\/2018\/07\/terroir-gc-4-300x169.jpg 300w\" sizes=\"(max-width: 750px) 100vw, 750px\" \/><\/div><div class='dt-sc-image-content'><div class='dt-sc-image-title'><h3><\/h3><\/div><p><\/p><\/div><\/div><\/div><\/div><\/div><\/div><div class=\"vc_row-full-width vc_clearfix\"><\/div><div class=\"vc_row wpb_row vc_row-fluid\"><div class=\"wpb_column vc_column_container vc_col-sm-12\"><div class=\"vc_column-inner\"><div class=\"wpb_wrapper\"><div class=\"ult-spacer spacer-69de98d535f76\" data-id=\"69de98d535f76\" data-height=\"60\" data-height-mobile=\"60\" data-height-tab=\"60\" data-height-tab-portrait=\"\" data-height-mobile-landscape=\"\" style=\"clear:both;display:block;\"><\/div><h3 style=\"color: #277a2a;text-align: center\" class=\"vc_custom_heading\">Lieux dits<\/h3><\/div><\/div><\/div><\/div><div class=\"vc_row wpb_row vc_row-fluid\"><div class=\"wpb_column vc_column_container vc_col-sm-6\"><div class=\"vc_column-inner\"><div class=\"wpb_wrapper\"><div class=\"ult-animation  ult-no-mobile\" data-animate=\"fadeInLeft\" data-animation-delay=\"0.3\" data-animation-duration=\"0.3\" data-animation-iteration=\"1\" style=\"\" >\n\t<div class=\"wpb_raw_code wpb_content_element wpb_raw_html\" >\n\t\t<div class=\"wpb_wrapper\">\n\t\t\t<div class=\"dt-sc-menu\">   \n    <div class=\"dt-sc-menu-details\">\n        <h6 style=\"color:#388e3c; font-weight:bold;\">\u00ab Bouxberg \u00bb<\/h6>\n        <p>This soil is calcareous clay, and the Pinot grape varieties grow well here.<br>\nOur Pinot Blanc has an intense fruity nose with a slight touch of smokiness. It is a structured and round wine and it accompanies grilled fish, asparagus and warm starters extremely well.<br>\nThe Pinot Noir grape suits this site perfectly. The colour is intense and ruby red, its nose is full of red berries and fruit. Powerful and structured with soft tannins, the fruitiness continues persistently on the palate, so is harmonious with red meats, game or a cheese platter.\n<\/p>\n    <\/div>\n<\/div>\n<div class=\"dt-sc-menu\">   \n    <div class=\"dt-sc-menu-details\">\n        <h6 style=\"color:#388e3c; font-weight:bold;\">\u00ab Bouxreben \u00bb<\/h6>\n        <p> We have chosen to plant the Muscat grape in this calcareous marl soil. The good solar exposure bestows the elegant and fruity nose so characteristic of this grape variety. In the mouth it is fresh and fruity with a rounded finale. Refreshing as an aperitif on a sunny terrace, it is also exquisitely succulent with melon and parma ham.<\/p>\n    <\/div>\n<\/div>\n\t\t<\/div>\n\t<\/div>\n<\/div><\/div><\/div><\/div><div class=\"wpb_column vc_column_container vc_col-sm-6\"><div class=\"vc_column-inner\"><div class=\"wpb_wrapper\"><div class=\"ult-animation  ult-no-mobile\" data-animate=\"fadeInRight\" data-animation-delay=\"0.3\" data-animation-duration=\"0.3\" data-animation-iteration=\"1\" style=\"\" >\n\t<div class=\"wpb_raw_code wpb_content_element wpb_raw_html\" >\n\t\t<div class=\"wpb_wrapper\">\n\t\t\t<div class=\"dt-sc-menu\">   \n    <div class=\"dt-sc-menu-details\">\n        <h6 style=\"color:#277A2A; font-weight:bold;\">\u00ab Bouxgarten \u00bb<\/h6>\n        <p>The characteristics of this soil are revealed in Riesling. From initial freshness, this wine develops rich and complex aromas with some fruitiness.<br>\nA full bodied and persistent taste makes it an agreeable partner for shell fish and poultry.<\/p>\n    <\/div>\n<\/div>\n<div class=\"dt-sc-menu\">   \n    <div class=\"dt-sc-menu-details\">\n        <h6 style=\"color:#277A2A; font-weight:bold;\">\u00ab Clos du Bouxhof \u00bb<\/h6>\n        <p>The Clos is the garden of the Domaine. The stone walls protect the Gewurztraminer plants and allow the grapes to ripen in excellent conditions. The nose reveals dried rose aromas combined with the characteristic spiciness.<br>\n A delicate wine, yet opulent and rich, this is a fruity warming aperitif which also marries well with Thai and Vietnamese cuisine.<\/p>\n    <\/div>\n<\/div>\n\t\t<\/div>\n\t<\/div>\n<\/div><\/div><\/div><\/div><\/div><div data-vc-full-width=\"true\" data-vc-full-width-init=\"false\" data-vc-stretch-content=\"true\" class=\"vc_row wpb_row vc_row-fluid wpb_animate_when_almost_visible wpb_fadeInUp fadeInUp vc_row-no-padding\"><div class=\"wpb_column vc_column_container vc_col-sm-3\"><div class=\"vc_column-inner\"><div class=\"wpb_wrapper\"><div class='dt-sc-image-caption'><div class='dt-sc-image-wrapper'><img width=\"750\" height=\"1000\" src=\"https:\/\/www.bouxhof.fr\/wp-content\/uploads\/2018\/07\/terroir-et-GC-2\u00e8-bande-1.jpg\" class=\"attachment-full\" alt=\"\" decoding=\"async\" loading=\"lazy\" srcset=\"https:\/\/www.bouxhof.fr\/wp-content\/uploads\/2018\/07\/terroir-et-GC-2\u00e8-bande-1.jpg 750w, https:\/\/www.bouxhof.fr\/wp-content\/uploads\/2018\/07\/terroir-et-GC-2\u00e8-bande-1-500x667.jpg 500w, https:\/\/www.bouxhof.fr\/wp-content\/uploads\/2018\/07\/terroir-et-GC-2\u00e8-bande-1-225x300.jpg 225w\" sizes=\"(max-width: 750px) 100vw, 750px\" \/><\/div><div class='dt-sc-image-content'><div class='dt-sc-image-title'><h3><\/h3><\/div><p><\/p><\/div><\/div><\/div><\/div><\/div><div class=\"wpb_column vc_column_container vc_col-sm-3\"><div class=\"vc_column-inner\"><div class=\"wpb_wrapper\"><div class='dt-sc-image-caption'><div class='dt-sc-image-wrapper'><img width=\"750\" height=\"1000\" src=\"https:\/\/www.bouxhof.fr\/wp-content\/uploads\/2018\/07\/terroir-et-Gc-2\u00e8bande-2-1.jpg\" class=\"attachment-full\" alt=\"\" decoding=\"async\" loading=\"lazy\" srcset=\"https:\/\/www.bouxhof.fr\/wp-content\/uploads\/2018\/07\/terroir-et-Gc-2\u00e8bande-2-1.jpg 750w, https:\/\/www.bouxhof.fr\/wp-content\/uploads\/2018\/07\/terroir-et-Gc-2\u00e8bande-2-1-500x667.jpg 500w, https:\/\/www.bouxhof.fr\/wp-content\/uploads\/2018\/07\/terroir-et-Gc-2\u00e8bande-2-1-225x300.jpg 225w\" sizes=\"(max-width: 750px) 100vw, 750px\" \/><\/div><div class='dt-sc-image-content'><div class='dt-sc-image-title'><h3><\/h3><\/div><p><\/p><\/div><\/div><\/div><\/div><\/div><div class=\"wpb_column vc_column_container vc_col-sm-3\"><div class=\"vc_column-inner\"><div class=\"wpb_wrapper\"><div class='dt-sc-image-caption'><div class='dt-sc-image-wrapper'><img width=\"750\" height=\"1000\" src=\"https:\/\/www.bouxhof.fr\/wp-content\/uploads\/2018\/07\/terroir-et-Gc-2\u00e8-bande-3.jpg\" class=\"attachment-full\" alt=\"\" decoding=\"async\" loading=\"lazy\" srcset=\"https:\/\/www.bouxhof.fr\/wp-content\/uploads\/2018\/07\/terroir-et-Gc-2\u00e8-bande-3.jpg 750w, https:\/\/www.bouxhof.fr\/wp-content\/uploads\/2018\/07\/terroir-et-Gc-2\u00e8-bande-3-500x667.jpg 500w, https:\/\/www.bouxhof.fr\/wp-content\/uploads\/2018\/07\/terroir-et-Gc-2\u00e8-bande-3-225x300.jpg 225w\" sizes=\"(max-width: 750px) 100vw, 750px\" \/><\/div><div class='dt-sc-image-content'><div class='dt-sc-image-title'><h3><\/h3><\/div><p><\/p><\/div><\/div><\/div><\/div><\/div><div class=\"wpb_column vc_column_container vc_col-sm-3\"><div class=\"vc_column-inner\"><div class=\"wpb_wrapper\"><div class='dt-sc-image-caption'><div class='dt-sc-image-wrapper'><img width=\"750\" height=\"1000\" src=\"https:\/\/www.bouxhof.fr\/wp-content\/uploads\/2018\/07\/terroir-et-Gc-2\u00e8-bande-4.jpg\" class=\"attachment-full\" alt=\"\" decoding=\"async\" loading=\"lazy\" srcset=\"https:\/\/www.bouxhof.fr\/wp-content\/uploads\/2018\/07\/terroir-et-Gc-2\u00e8-bande-4.jpg 750w, https:\/\/www.bouxhof.fr\/wp-content\/uploads\/2018\/07\/terroir-et-Gc-2\u00e8-bande-4-500x667.jpg 500w, https:\/\/www.bouxhof.fr\/wp-content\/uploads\/2018\/07\/terroir-et-Gc-2\u00e8-bande-4-225x300.jpg 225w\" sizes=\"(max-width: 750px) 100vw, 750px\" \/><\/div><div class='dt-sc-image-content'><div class='dt-sc-image-title'><h3><\/h3><\/div><p><\/p><\/div><\/div><\/div><\/div><\/div><\/div><div class=\"vc_row-full-width vc_clearfix\"><\/div><div class=\"vc_row wpb_row vc_row-fluid\"><div class=\"wpb_column vc_column_container vc_col-sm-12\"><div class=\"vc_column-inner\"><div class=\"wpb_wrapper\"><div class=\"ult-spacer spacer-69de98d53a2be\" data-id=\"69de98d53a2be\" data-height=\"60\" data-height-mobile=\"60\" data-height-tab=\"60\" data-height-tab-portrait=\"\" data-height-mobile-landscape=\"\" style=\"clear:both;display:block;\"><\/div><h3 style=\"color: #277a2a;text-align: center\" class=\"vc_custom_heading\">The \u201cGrands Crus\u201d<\/h3><\/div><\/div><\/div><\/div><div class=\"vc_row wpb_row vc_row-fluid\"><div class=\"wpb_column vc_column_container vc_col-sm-6\"><div class=\"vc_column-inner\"><div class=\"wpb_wrapper\"><div class=\"ult-animation  ult-no-mobile\" data-animate=\"fadeInLeft\" data-animation-delay=\"0.3\" data-animation-duration=\"0.3\" data-animation-iteration=\"1\" style=\"\" >\n\t<div class=\"wpb_raw_code wpb_content_element wpb_raw_html\" >\n\t\t<div class=\"wpb_wrapper\">\n\t\t\t<div class=\"dt-sc-menu\">   \n    <div class=\"dt-sc-menu-details\">\n        <h6 style=\"color:#277A2A; font-weight:bold;\">\u00ab Mandelberg \u00bb<\/h6>\n        <p>The Mandelberg (Almond Hill) is covered with vines and almond trees. It enjoys a marvellous south facing position and is protected from the northerly winds. The calcimagn\u00e9sic soil here allows good ageing. The Riesling develops a floral and fruity intensity. As a well balanced wine, with finesse and a good persistence, its allies are fish in sauce or young and fresh cheeses.<br>\nThe beautiful and very ripe Gewurztraminer grapes give a wine of a golden yellow colour that unveils fruity and floral aromas, it is round, rich and full-bodied, preferring to be aged a little to become even more intense. Delicious as an aperitif and with strong cheeses (Munster, Maroilles, Pont l\u2019Eveque etc.), it matches oriental or sweet and sour dishes and even a dessert.\n<\/p>\n    <\/div>\n<\/div>\n\t\t<\/div>\n\t<\/div>\n<\/div><\/div><\/div><\/div><div class=\"wpb_column vc_column_container vc_col-sm-6\"><div class=\"vc_column-inner\"><div class=\"wpb_wrapper\"><div class=\"ult-animation  ult-no-mobile\" data-animate=\"fadeInRight\" data-animation-delay=\"0.3\" data-animation-duration=\"0.3\" data-animation-iteration=\"1\" style=\"\" >\n\t<div class=\"wpb_raw_code wpb_content_element wpb_raw_html\" >\n\t\t<div class=\"wpb_wrapper\">\n\t\t\t<div class=\"dt-sc-menu\">   \n    <div class=\"dt-sc-menu-details\">\n        <h6 style=\"color:#277A2A; font-weight:bold;\">\u00ab Marckrain \u00bb<\/h6>\n        <p>This beautiful hill has a south-eastern exposure, a specific micro-climate and is composed of chalky marl and allows the Pinot Gris grape to express itself fully, with an elegant  nose with yellow fruit and hints of honey. This complex fruitiness continues warmly in the mouth.<br>\nA harmonious wine of nice persistence, it suits foie gras, is delicious with a salad of preserved duck breast, and rather nice with white meats or some fresh mushrooms.<\/p>\n    <\/div>\n<\/div>\n\t\t<\/div>\n\t<\/div>\n<\/div><\/div><\/div><\/div><\/div><div class=\"vc_row wpb_row vc_row-fluid\"><div class=\"wpb_column vc_column_container vc_col-sm-12\"><div class=\"vc_column-inner\"><div class=\"wpb_wrapper\"><div class=\"ult-spacer spacer-69de98d53b38f\" data-id=\"69de98d53b38f\" data-height=\"100\" data-height-mobile=\"100\" data-height-tab=\"100\" data-height-tab-portrait=\"\" data-height-mobile-landscape=\"\" style=\"clear:both;display:block;\"><\/div><\/div><\/div><\/div><\/div>","protected":false},"excerpt":{"rendered":"C\u00e9pages Alsaciens Pinot Blanc El\u00e9gant et \u00e9quilibr\u00e9, souple mais \u00e0 la fois sec, il s\u2019emploie partout o\u00f9 un vin blanc s\u2019impose, son fruit\u00e9 discret en fait un vin d\u00e9salt\u00e9rant. Riesling Viril, fin et d\u2019un merveilleux fruit\u00e9 au bouquet d\u00e9licat, accompagne les mets les plus raffin\u00e9s, est incomparable avec les poissons, crustac\u00e9 et fruits de mer, [...]","protected":false},"author":1,"featured_media":0,"parent":0,"menu_order":0,"comment_status":"closed","ping_status":"closed","template":"","meta":{"ngg_post_thumbnail":0},"_links":{"self":[{"href":"http:\/\/www.bouxhof.fr\/en_us\/wp-json\/wp\/v2\/pages\/10531"}],"collection":[{"href":"http:\/\/www.bouxhof.fr\/en_us\/wp-json\/wp\/v2\/pages"}],"about":[{"href":"http:\/\/www.bouxhof.fr\/en_us\/wp-json\/wp\/v2\/types\/page"}],"author":[{"embeddable":true,"href":"http:\/\/www.bouxhof.fr\/en_us\/wp-json\/wp\/v2\/users\/1"}],"replies":[{"embeddable":true,"href":"http:\/\/www.bouxhof.fr\/en_us\/wp-json\/wp\/v2\/comments?post=10531"}],"version-history":[{"count":1,"href":"http:\/\/www.bouxhof.fr\/en_us\/wp-json\/wp\/v2\/pages\/10531\/revisions"}],"predecessor-version":[{"id":12188,"href":"http:\/\/www.bouxhof.fr\/en_us\/wp-json\/wp\/v2\/pages\/10531\/revisions\/12188"}],"wp:attachment":[{"href":"http:\/\/www.bouxhof.fr\/en_us\/wp-json\/wp\/v2\/media?parent=10531"}],"curies":[{"name":"wp","href":"https:\/\/api.w.org\/{rel}","templated":true}]}}