{"id":7642,"date":"2017-06-07T08:28:20","date_gmt":"2017-06-07T08:28:20","guid":{"rendered":"http:\/\/www.bouxhof.fr\/?page_id=7642"},"modified":"2021-06-22T10:49:21","modified_gmt":"2021-06-22T08:49:21","slug":"accueil","status":"publish","type":"page","link":"http:\/\/www.bouxhof.fr\/en_us\/","title":{"rendered":"Home"},"content":{"rendered":"<div class=\"vc_row wpb_row vc_row-fluid vcr_align-top\"><div class=\"wpb_column vc_column_container vc_col-sm-12\"><div class=\"vc_column-inner\"><div class=\"wpb_wrapper\"><div class=\"vc_row wpb_row vc_inner vc_row-fluid aligncenter vc_row-o-equal-height vc_row-o-content-middle vc_row-flex\"><div class=\"wpb_column vc_column_container vc_col-sm-6\"><div class=\"vc_column-inner\"><div class=\"wpb_wrapper\">\n\t<div  class=\"wpb_single_image wpb_content_element vc_align_center   vcr_img-with-shadow\">\n\t\t\n\t\t<figure class=\"wpb_wrapper vc_figure\">\n\t\t\t<div class=\"vc_single_image-wrapper   vc_box_border_grey\"><img width=\"768\" height=\"576\" src=\"https:\/\/www.bouxhof.fr\/wp-content\/uploads\/2021\/03\/Producteur-de-vins-pres-de-colmar.jpg\" class=\"vc_single_image-img attachment-full\" alt=\"Domaine du Bouxhof : producteur de vins pr\u00e8s de Colmar\" decoding=\"async\" loading=\"lazy\" srcset=\"https:\/\/www.bouxhof.fr\/wp-content\/uploads\/2021\/03\/Producteur-de-vins-pres-de-colmar.jpg 300w, https:\/\/www.bouxhof.fr\/wp-content\/uploads\/2021\/03\/Producteur-de-vins-pres-de-colmar.jpg 16w, https:\/\/www.bouxhof.fr\/wp-content\/uploads\/2021\/03\/Producteur-de-vins-pres-de-colmar.jpg 500w, https:\/\/www.bouxhof.fr\/wp-content\/uploads\/2021\/03\/Producteur-de-vins-pres-de-colmar.jpg 768w\" sizes=\"(max-width: 768px) 100vw, 768px\" \/><\/div>\n\t\t<\/figure>\n\t<\/div>\n<\/div><\/div><\/div><div class=\"aligncenter wpb_column vc_column_container vc_col-sm-6\"><div class=\"vc_column-inner\"><div class=\"wpb_wrapper\"><div class=\"vc_empty_space\"   style=\"height: 100px\" ><span class=\"vc_empty_space_inner\"><\/span><\/div>\n<div class='dt-sc-title script-with-sub-title aligncenter'><h2>Bienvenue au<\/h2><h3>Domaine du Bouxhof<\/h3><\/div>\r\n\t<div class=\"wpb_text_column wpb_content_element  aligncenter\" >\r\n\t\t<div class=\"wpb_wrapper\">\r\n\t\t\t<p>Situ\u00e9 dans un cadre naturel magnifique, adouci par les somptueuses courbes des collines sous-vosgiennes, s\u2019\u00e9rige le <strong>Domaine du Bouxhof.<\/strong><br \/>\nLa culture viticole l\u2019encercle de toutes parts et de bonne heure l\u2019homme a rep\u00e9r\u00e9 cet endroit favorable, pour s\u2019y \u00e9tablir et y a plant\u00e9 de la vigne.<br \/>\n<strong>Mittelwihr<\/strong> a \u00e9t\u00e9 baptis\u00e9 \u00ab\u00a0<strong>le Midi de l\u2019Alsace<\/strong>\u00a0\u00bb avec ses Amandiers et ses orchid\u00e9es sauvages.<\/p>\n\r\n\t\t<\/div>\r\n\t<\/div>\r\n<a href='http:\/\/www.bouxhof.fr\/en_us\/histoire\/' target='_self' title='L'histoire du domaine' class='dt-sc-button vc_custom_1528905537659  medium icon-right with-icon  fully-rounded-border' > The history of the Domaine <span class='fa fa-long-arrow-right'> <\/span><\/a><\/div><\/div><\/div><\/div><div class=\"vc_row wpb_row vc_inner vc_row-fluid vc_custom_1531925228262\"><div class=\"wpb_column vc_column_container vc_col-sm-4 vc_col-has-fill\"><div class=\"vc_column-inner vc_custom_1501496308599\"><div class=\"wpb_wrapper\">\r\n\t<div class=\"wpb_text_column wpb_content_element  vc_custom_1523972585912 aligncenter\" >\r\n\t\t<div class=\"wpb_wrapper\">\r\n\t\t\t<p>T\u00e9l\u00e9phone<\/p>\n\r\n\t\t<\/div>\r\n\t<\/div>\r\n<h5 style=\"text-align: center\" class=\"vc_custom_heading\">03 89 47 90 34<\/h5><\/div><\/div><\/div><div class=\"wpb_column vc_column_container vc_col-sm-4 vc_col-has-fill\"><div class=\"vc_column-inner vc_custom_1501496294959\"><div class=\"wpb_wrapper\">\r\n\t<div class=\"wpb_text_column wpb_content_element  vc_custom_1523972629324 aligncenter\" >\r\n\t\t<div class=\"wpb_wrapper\">\r\n\t\t\t<p>Nos horaires d&rsquo;ouvertures<\/p>\n\r\n\t\t<\/div>\r\n\t<\/div>\r\n<h5 style=\"text-align: center\" class=\"vc_custom_heading\">MAR - DIM : 09h00 -12h30 et 14h00 - 19h00<br \/>\nLUN : sur rendez-vous<\/h5><\/div><\/div><\/div><div class=\"aligncenter wpb_column vc_column_container vc_col-sm-4\"  style=\" text-align:center; \"><div class=\"vc_column-inner\"><div class=\"wpb_wrapper\">\r\n\t<div class=\"wpb_text_column wpb_content_element  vc_custom_1528904184220 aligncenter\" >\r\n\t\t<div class=\"wpb_wrapper\">\r\n\t\t\t<p>Rejoignez-nous<\/p>\n\r\n\t\t<\/div>\r\n\t<\/div>\r\n\n\t<div class=\"wpb_raw_code wpb_content_element wpb_raw_html\" >\n\t\t<div class=\"wpb_wrapper\">\n\t\t\t<iframe src=\"https:\/\/www.facebook.com\/plugins\/page.php?href=https%3A%2F%2Fwww.facebook.com%2FEdeletFils%2F&tabs&width=340&height=130&small_header=false&adapt_container_width=true&hide_cover=false&show_facepile=false&appId\" width=\"340\" height=\"130\" style=\"border:none;overflow:hidden\" scrolling=\"no\" frameborder=\"0\" allowtransparency=\"true\" allow=\"encrypted-media\"><\/iframe>\n\t\t<\/div>\n\t<\/div>\n<\/div><\/div><\/div><\/div><\/div><\/div><\/div><\/div><div data-vc-full-width=\"true\" data-vc-full-width-init=\"false\" data-vc-stretch-content=\"true\" class=\"vc_row wpb_row vc_row-fluid wpb_animate_when_almost_visible wpb_fadeInUp fadeInUp vc_custom_1501664710606 vc_row-no-padding\"><div class=\"wpb_column vc_column_container vc_col-sm-3 vc_col-md-3\"><div class=\"vc_column-inner\"><div class=\"wpb_wrapper\"><div class='dt-sc-image-caption type9'><div class='dt-sc-image-wrapper'><img width=\"480\" height=\"360\" src=\"https:\/\/www.bouxhof.fr\/wp-content\/uploads\/2021\/06\/bouxhof-producteur-vins-alsace-pres-de-colmar.jpg\" class=\"attachment-full\" alt=\"Producteur de vins d&#039;Alsace pr\u00e8s de Colmar\" decoding=\"async\" loading=\"lazy\" srcset=\"https:\/\/www.bouxhof.fr\/wp-content\/uploads\/2021\/06\/bouxhof-producteur-vins-alsace-pres-de-colmar.jpg 300w, https:\/\/www.bouxhof.fr\/wp-content\/uploads\/2021\/06\/bouxhof-producteur-vins-alsace-pres-de-colmar.jpg 16w, https:\/\/www.bouxhof.fr\/wp-content\/uploads\/2021\/06\/bouxhof-producteur-vins-alsace-pres-de-colmar.jpg 480w\" sizes=\"(max-width: 480px) 100vw, 480px\" \/><div class=\"dt-sc-image-overlay\"><p><\/p><\/div><\/div><div class='dt-sc-image-content'><div class='dt-sc-image-title'><h3><\/h3><\/div><\/div><\/div><\/div><\/div><\/div><div class=\"wpb_column vc_column_container vc_col-sm-3 vc_col-md-3\"><div class=\"vc_column-inner\"><div class=\"wpb_wrapper\"><div class='dt-sc-image-caption type9'><div class='dt-sc-image-wrapper'><img width=\"480\" height=\"360\" src=\"https:\/\/www.bouxhof.fr\/wp-content\/uploads\/2021\/06\/bouxhof-producteur-vins-alsace.jpg\" class=\"attachment-full\" alt=\"Producteur de vins d&#039;Alsace\" decoding=\"async\" loading=\"lazy\" srcset=\"https:\/\/www.bouxhof.fr\/wp-content\/uploads\/2021\/06\/bouxhof-producteur-vins-alsace.jpg 300w, https:\/\/www.bouxhof.fr\/wp-content\/uploads\/2021\/06\/bouxhof-producteur-vins-alsace.jpg 16w, https:\/\/www.bouxhof.fr\/wp-content\/uploads\/2021\/06\/bouxhof-producteur-vins-alsace.jpg 480w\" sizes=\"(max-width: 480px) 100vw, 480px\" \/><div class=\"dt-sc-image-overlay\"><p><\/p><\/div><\/div><div class='dt-sc-image-content'><div class='dt-sc-image-title'><h3><\/h3><\/div><\/div><\/div><\/div><\/div><\/div><div class=\"wpb_column vc_column_container vc_col-sm-3 vc_col-md-3\"><div class=\"vc_column-inner\"><div class=\"wpb_wrapper\"><div class='dt-sc-image-caption type9'><div class='dt-sc-image-wrapper'><img width=\"480\" height=\"360\" src=\"https:\/\/www.bouxhof.fr\/wp-content\/uploads\/2021\/03\/pinot-noir-pour-vin-rouge-pres-de-colmar.jpg\" class=\"attachment-full\" alt=\"Producteur vins d&#039;Alsace \u00e0 Mittelwihr, pr\u00e8s de Colmar\" decoding=\"async\" loading=\"lazy\" srcset=\"https:\/\/www.bouxhof.fr\/wp-content\/uploads\/2021\/03\/pinot-noir-pour-vin-rouge-pres-de-colmar.jpg 300w, https:\/\/www.bouxhof.fr\/wp-content\/uploads\/2021\/03\/pinot-noir-pour-vin-rouge-pres-de-colmar.jpg 16w, https:\/\/www.bouxhof.fr\/wp-content\/uploads\/2021\/03\/pinot-noir-pour-vin-rouge-pres-de-colmar.jpg 480w\" sizes=\"(max-width: 480px) 100vw, 480px\" \/><div class=\"dt-sc-image-overlay\"><p><\/p><\/div><\/div><div class='dt-sc-image-content'><div class='dt-sc-image-title'><h3><\/h3><\/div><\/div><\/div><\/div><\/div><\/div><div class=\"wpb_column vc_column_container vc_col-sm-3 vc_col-md-3\"><div class=\"vc_column-inner\"><div class=\"wpb_wrapper\"><div class='dt-sc-image-caption type9'><div class='dt-sc-image-wrapper'><img width=\"480\" height=\"360\" src=\"https:\/\/www.bouxhof.fr\/wp-content\/uploads\/2021\/03\/vin-rouge-pinot-noir-alsace.jpg\" class=\"attachment-full\" alt=\"Vin rouge pinot noir d&#039;Alsace\" decoding=\"async\" loading=\"lazy\" srcset=\"https:\/\/www.bouxhof.fr\/wp-content\/uploads\/2021\/03\/vin-rouge-pinot-noir-alsace.jpg 300w, https:\/\/www.bouxhof.fr\/wp-content\/uploads\/2021\/03\/vin-rouge-pinot-noir-alsace.jpg 16w, https:\/\/www.bouxhof.fr\/wp-content\/uploads\/2021\/03\/vin-rouge-pinot-noir-alsace.jpg 480w\" sizes=\"(max-width: 480px) 100vw, 480px\" \/><div class=\"dt-sc-image-overlay\"><p><\/p><\/div><\/div><div class='dt-sc-image-content'><div class='dt-sc-image-title'><h3><\/h3><\/div><\/div><\/div><\/div><\/div><\/div><\/div><div class=\"vc_row-full-width vc_clearfix\"><\/div><div class=\"vc_row wpb_row vc_row-fluid\"><div class=\"wpb_column vc_column_container vc_col-sm-12\"><div class=\"vc_column-inner\"><div class=\"wpb_wrapper\">\r\n\t<div class=\"wpb_text_column wpb_content_element\" >\r\n\t\t<div class=\"wpb_wrapper\">\r\n\t\t\t<div class=\"ult-spacer spacer-69de98d6bbad2\" data-id=\"69de98d6bbad2\" data-height=\"80\" data-height-mobile=\"80\" data-height-tab=\"80\" data-height-tab-portrait=\"\" data-height-mobile-landscape=\"\" style=\"clear:both;display:block;\"><\/div>\n\r\n\t\t<\/div>\r\n\t<\/div>\r\n<\/div><\/div><\/div><\/div><div class=\"vc_row wpb_row vc_row-fluid vc_custom_1496836131227\"><div class=\"vcr_boxed-shadow wpb_column vc_column_container vc_col-sm-3\"><div class=\"vc_column-inner\"><div class=\"wpb_wrapper\"><h3 style=\"text-align: left\" class=\"vc_custom_heading vcr_heading-right\">Nos vins<\/h3>\r\n\t<div class=\"wpb_text_column wpb_content_element  vc_custom_1543858879862\" >\r\n\t\t<div class=\"wpb_wrapper\">\r\n\t\t\t<p><strong>Les grands vins des coteaux<\/strong> sont pour vous la promesse d&rsquo;instants conviviaux inoubliables.<br \/>\nIls donnent de l&rsquo;\u00e9clat aux grandes rencontres gastronomiques ou deviennent des complices d&rsquo;un t\u00eate \u00e0 t\u00eate.<\/p>\n<p><strong><em>Pour toute demande hors France M\u00e9tropolitaine, nous contacter par mail.<\/em><\/strong><\/p>\n\r\n\t\t<\/div>\r\n\t<\/div>\r\n<a href='http:\/\/www.bouxhof.fr\/en_us\/vente-direct-vin-alsace-mittelwihr-pres-de-colmar\/' target='_self' title='Tous nos vins' class='dt-sc-button   medium icon-right with-icon  fully-rounded-border' > Voir tous nos vins <span class='fa fa-long-arrow-right'> <\/span><\/a><\/div><\/div><\/div><div class=\"wpb_column vc_column_container vc_col-sm-3\"><div class=\"vc_column-inner\"><div class=\"wpb_wrapper\"><div class=\"woocommerce\"><\/div><div class=\"woocommerce\"><\/div><\/div><\/div><\/div><div class=\"wpb_column vc_column_container vc_col-sm-3\"><div class=\"vc_column-inner\"><div class=\"wpb_wrapper\"><div class=\"woocommerce\"><\/div><div class=\"woocommerce\"><\/div><\/div><\/div><\/div><div class=\"wpb_column vc_column_container vc_col-sm-3\"><div class=\"vc_column-inner\"><div class=\"wpb_wrapper\"><div class=\"woocommerce\"><\/div><\/div><\/div><\/div><\/div><div data-vc-full-width=\"true\" data-vc-full-width-init=\"false\" data-vc-stretch-content=\"true\" class=\"vc_row wpb_row vc_row-fluid vcr_hide-bg-mobile vcr_float_right wpb_animate_when_almost_visible wpb_fadeInUp fadeInUp vc_custom_1617119947508 vc_row-has-fill\"><div class=\"dt-sc-stretch-row-content\"><div class=\"vcr_bg-with-img vcr_reponsive-align dt-sc-dark-bg aligncenter wpb_column vc_column_container vc_col-sm-6 vc_col-has-fill\"><div class=\"vc_column-inner vc_custom_1528905585771\"><div class=\"wpb_wrapper\"><div class=\"vc_separator wpb_content_element vc_separator_align_center vc_sep_width_100 vc_sep_pos_align_center vc_sep_color_grey vc_separator-has-text\" ><span class=\"vc_sep_holder vc_sep_holder_l\"><span  class=\"vc_sep_line\"><\/span><\/span><h4>Title<\/h4><span class=\"vc_sep_holder vc_sep_holder_r\"><span  class=\"vc_sep_line\"><\/span><\/span>\n<\/div><div class='dt-sc-title script-with-sub-title aligncenter vcr_z-index'><h2>Domaine du Bouxhof<\/h2><h3>Des g\u00eetes au coeur du domaine Alsacien<\/h3><\/div>\r\n\t<div class=\"wpb_text_column wpb_content_element  aligncenter vcr_z-index\" >\r\n\t\t<div class=\"wpb_wrapper\">\r\n\t\t\t<p>C\u2019est avec grand plaisir que nous vous proposons de prolonger votre s\u00e9jour parmi nous. Vous pouvez louer un de nos g\u00eetes ruraux class\u00e9s 3\u00e9pis dans le Guide des G\u00eetes de France.<\/p>\n\r\n\t\t<\/div>\r\n\t<\/div>\r\n<a href='http:\/\/www.bouxhof.fr\/en_us\/gite-proche-colmar\/' target='_self' title='Holiday appartments' class='dt-sc-button   medium icon-right with-icon  fully-rounded-border' > D\u00e9couvrez nos g\u00eetes <span class='fa fa-arrow-right'> <\/span><\/a><\/div><\/div><\/div><div class=\"wpb_column vc_column_container vc_col-sm-6\"><div class=\"vc_column-inner\"><div class=\"wpb_wrapper\"><\/div><\/div><\/div><\/div><\/div><div class=\"vc_row-full-width vc_clearfix\"><\/div><div class=\"vc_row wpb_row vc_row-fluid\"><div class=\"wpb_column vc_column_container vc_col-sm-12\"><div class=\"vc_column-inner\"><div class=\"wpb_wrapper\">\r\n\t<div class=\"wpb_text_column wpb_content_element\" >\r\n\t\t<div class=\"wpb_wrapper\">\r\n\t\t\t<div class=\"ult-spacer spacer-69de98d6c00fd\" data-id=\"69de98d6c00fd\" data-height=\"100\" data-height-mobile=\"100\" data-height-tab=\"100\" data-height-tab-portrait=\"\" data-height-mobile-landscape=\"\" style=\"clear:both;display:block;\"><\/div>\n\r\n\t\t<\/div>\r\n\t<\/div>\r\n<\/div><\/div><\/div><\/div><div class=\"vc_row wpb_row vc_row-fluid\"><div class=\"aligncenter wpb_column vc_column_container vc_col-sm-12\"><div class=\"vc_column-inner\"><div class=\"wpb_wrapper\"><h2 style=\"text-align: center\" class=\"vc_custom_heading vcr_heading-right vc_custom_1572874574387\">Nos derni\u00e8res actualit\u00e9s<\/h2>\r\n\t<div class=\"wpb_text_column wpb_content_element  vc_custom_1523976207656\" >\r\n\t\t<div class=\"wpb_wrapper\">\r\n\t\t\t<h5>Animations, vendanges, foire aux vins, &#8230;<\/h5>\n\r\n\t\t<\/div>\r\n\t<\/div>\r\n\r\n\t<div class=\"wpb_text_column wpb_content_element\" >\r\n\t\t<div class=\"wpb_wrapper\">\r\n\t\t\t<p>Restez au courant de toutes nos actualit\u00e9s et retrouvez-nous dans les diff\u00e9rents salons et foires.<\/p>\n\r\n\t\t<\/div>\r\n\t<\/div>\r\n<div class='tpl-blog-holder apply-isotope'><div class='column dt-sc-one-third first'><article id=\"post-12522\" class=\"blog-entry  format-standard post-12522 post type-post status-publish hentry category-actualites\"><div class=\"entry-details\">\t<div class=\"entry-meta hidden\">\t\t<div class=\"date hidden\">Posted on 24 Oct 2023\t\t<\/div>\t\t<div class=\"comments hidden\">\/ <a class=\"comments\" href=\"http:\/\/www.bouxhof.fr\/en_us\/retrouvez-nous\/\/#respond\">\t<i class=\"pe-icon pe-chat\"><\/i> 0  Comments<\/a>\t\t<\/div>\t\t<div class=\"author hidden\">\t\t\t\/ <i class=\"pe-icon pe-user\"> <\/i>\t\t\t<a href=\"http:\/\/www.bouxhof.fr\/en_us\/author\/webmasterexodream-com\/\">KEITER Damien<\/a>\t\t<\/div>\t<\/div>\t<div class=\"entry-title\">\t\t<h4><a href=\"http:\/\/www.bouxhof.fr\/en_us\/retrouvez-nous\/\">Retrouvez-nous<\/a><\/h4>\t<\/div><div class=\"entry-body\"><p>Retrouvez-nous dans nos diff\u00e9rents salons 2023\/2024 Salon du Vin de Blois (41) : 3, 4 et 5 novembre 2023 Livraisons de commandes \u00e0 Lens (62) : 18 novembre 2023 Salon du Vin de Hannut (Belgique) : 24, 25 et...<\/p><\/div>\t<div class=\"entry-meta-data hidden\"><p class=\"category hidden\">\t<i class=\"pe-icon pe-network\"> <\/i><a href=\"http:\/\/www.bouxhof.fr\/en_us\/category\/actualites\/\">News<\/a><\/p>\t<\/div><a href=\"http:\/\/www.bouxhof.fr\/en_us\/retrouvez-nous\/\" target='_self' title='' class='dt-sc-button   small icon-right with-icon  filled  type1' > Lire la suite <span class='fa fa-long-arrow-right'> <\/span><\/a><\/div><\/article><\/div><div class='column dt-sc-one-third'><article id=\"post-12408\" class=\"blog-entry  format-standard post-12408 post type-post status-publish hentry category-actualites\"><div class=\"entry-details\">\t<div class=\"entry-meta hidden\">\t\t<div class=\"date hidden\">Posted on 11 Oct 2022\t\t<\/div>\t\t<div class=\"comments hidden\">\/ <a class=\"comments\" href=\"http:\/\/www.bouxhof.fr\/en_us\/12408-2\/\/#respond\">\t<i class=\"pe-icon pe-chat\"><\/i> 0  Comments<\/a>\t\t<\/div>\t\t<div class=\"author hidden\">\t\t\t\/ <i class=\"pe-icon pe-user\"> <\/i>\t\t\t<a href=\"http:\/\/www.bouxhof.fr\/en_us\/author\/webmasterexodream-com\/\">KEITER Damien<\/a>\t\t<\/div>\t<\/div>\t<div class=\"entry-title\">\t\t<h4><a href=\"http:\/\/www.bouxhof.fr\/en_us\/12408-2\/\">Retrouvez-nous<\/a><\/h4>\t<\/div><div class=\"entry-body\"><p>Retrouvez-nous dans nos diff\u00e9rents salons 2022\/23 Salon du Vin de Blois (41) : 4 ,5 et 6 novembre 2022 Livraisons dans les environs d&rsquo;Arras (62) : 19 novembre 2022 Salon du Vin de Hannut ( Belgique) : 25,26 et...<\/p><\/div>\t<div class=\"entry-meta-data hidden\"><p class=\"category hidden\">\t<i class=\"pe-icon pe-network\"> <\/i><a href=\"http:\/\/www.bouxhof.fr\/en_us\/category\/actualites\/\">News<\/a><\/p>\t<\/div><a href=\"http:\/\/www.bouxhof.fr\/en_us\/12408-2\/\" target='_self' title='' class='dt-sc-button   small icon-right with-icon  filled  type1' > Lire la suite <span class='fa fa-long-arrow-right'> <\/span><\/a><\/div><\/article><\/div><div class='column dt-sc-one-third'><article id=\"post-12178\" class=\"blog-entry  format-standard post-12178 post type-post status-publish hentry category-actualites\"><div class=\"entry-details\">\t<div class=\"entry-meta hidden\">\t\t<div class=\"date hidden\">Posted on 27 Nov 2020\t\t<\/div>\t\t<div class=\"comments hidden\">\/ <a class=\"comments\" href=\"http:\/\/www.bouxhof.fr\/en_us\/petit-fute-2020\/\/#respond\">\t<i class=\"pe-icon pe-chat\"><\/i> 0  Comments<\/a>\t\t<\/div>\t\t<div class=\"author hidden\">\t\t\t\/ <i class=\"pe-icon pe-user\"> <\/i>\t\t\t<a href=\"http:\/\/www.bouxhof.fr\/en_us\/author\/edel-bouxhofonline-fr\/\">Gillian EDEL<\/a>\t\t<\/div>\t<\/div>\t<div class=\"entry-title\">\t\t<h4><a href=\"http:\/\/www.bouxhof.fr\/en_us\/petit-fute-2020\/\">Petit Fut\u00e9 2020<\/a><\/h4>\t<\/div><div class=\"entry-body\"><p>Un sympathique commentaire dans l&rsquo;Edition 2020 du Petit Fut\u00e9. \u00ab\u00a0Ce superbe domaine est abrit\u00e9 dans un ancien monast\u00e8re restaur\u00e9 apr\u00e8s les vicissitudes de la Seconde Guerre mondiale et inscrit aux Monuments historiques depuis 1996. Il couvre 8,5 ha et...<\/p><\/div>\t<div class=\"entry-meta-data hidden\"><p class=\"category hidden\">\t<i class=\"pe-icon pe-network\"> <\/i><a href=\"http:\/\/www.bouxhof.fr\/en_us\/category\/actualites\/\">News<\/a><\/p>\t<\/div><a href=\"http:\/\/www.bouxhof.fr\/en_us\/petit-fute-2020\/\" target='_self' title='' class='dt-sc-button   small icon-right with-icon  filled  type1' > Lire la suite <span class='fa fa-long-arrow-right'> <\/span><\/a><\/div><\/article><\/div><\/div><a href='#' target='_self' title='' class='dt-sc-button   medium icon-right with-icon  fully-rounded-border' > Voir toutes les actualit\u00e9s <span class='fa fa-long-arrow-right'> <\/span><\/a><\/div><\/div><\/div><\/div><div class=\"vc_row wpb_row vc_row-fluid\"><div class=\"wpb_column vc_column_container vc_col-sm-12\"><div class=\"vc_column-inner\"><div class=\"wpb_wrapper\">\r\n\t<div class=\"wpb_text_column wpb_content_element\" >\r\n\t\t<div class=\"wpb_wrapper\">\r\n\t\t\t<div class=\"ult-spacer spacer-69de98d6cd3b9\" data-id=\"69de98d6cd3b9\" data-height=\"100\" data-height-mobile=\"100\" data-height-tab=\"100\" data-height-tab-portrait=\"\" data-height-mobile-landscape=\"\" style=\"clear:both;display:block;\"><\/div>\n\r\n\t\t<\/div>\r\n\t<\/div>\r\n<\/div><\/div><\/div><\/div><div class=\"vc_row wpb_row vc_row-fluid\"><div class=\"wpb_column vc_column_container vc_col-sm-12\"><div class=\"vc_column-inner\"><div class=\"wpb_wrapper\"><\/div><\/div><\/div><\/div>","protected":false},"excerpt":{"rendered":"Un sympathique commentaire dans l'Edition 2020 du Petit Fut\u00e9. \"Ce superbe domaine est abrit\u00e9 dans un ancien monast\u00e8re restaur\u00e9 apr\u00e8s les vicissitudes de la Seconde Guerre mondiale et inscrit aux Monuments historiques depuis 1996. Il couvre 8,5 ha et comprend des parcelles sur les Grands Crus Marckrain et Mandelberg. Il cultive aussi des vignes sur [...]","protected":false},"author":1,"featured_media":0,"parent":0,"menu_order":0,"comment_status":"closed","ping_status":"closed","template":"","meta":{"ngg_post_thumbnail":0},"_links":{"self":[{"href":"http:\/\/www.bouxhof.fr\/en_us\/wp-json\/wp\/v2\/pages\/7642"}],"collection":[{"href":"http:\/\/www.bouxhof.fr\/en_us\/wp-json\/wp\/v2\/pages"}],"about":[{"href":"http:\/\/www.bouxhof.fr\/en_us\/wp-json\/wp\/v2\/types\/page"}],"author":[{"embeddable":true,"href":"http:\/\/www.bouxhof.fr\/en_us\/wp-json\/wp\/v2\/users\/1"}],"replies":[{"embeddable":true,"href":"http:\/\/www.bouxhof.fr\/en_us\/wp-json\/wp\/v2\/comments?post=7642"}],"version-history":[{"count":18,"href":"http:\/\/www.bouxhof.fr\/en_us\/wp-json\/wp\/v2\/pages\/7642\/revisions"}],"predecessor-version":[{"id":12312,"href":"http:\/\/www.bouxhof.fr\/en_us\/wp-json\/wp\/v2\/pages\/7642\/revisions\/12312"}],"wp:attachment":[{"href":"http:\/\/www.bouxhof.fr\/en_us\/wp-json\/wp\/v2\/media?parent=7642"}],"curies":[{"name":"wp","href":"https:\/\/api.w.org\/{rel}","templated":true}]}}