{"id":10361,"date":"2018-04-17T17:54:45","date_gmt":"2018-04-17T15:54:45","guid":{"rendered":"http:\/\/www.bouxhof.fr\/?page_id=10361"},"modified":"2023-07-17T10:29:37","modified_gmt":"2023-07-17T08:29:37","slug":"contact","status":"publish","type":"page","link":"http:\/\/www.bouxhof.fr\/fr_fr\/contact\/","title":{"rendered":"Contact"},"content":{"rendered":"<div class=\"vc_row wpb_row vc_row-fluid\"><div class=\"wpb_column vc_column_container vc_col-sm-12\"><div class=\"vc_column-inner \"><div class=\"wpb_wrapper\"><div class=\"vc_empty_space\"   style=\"height: 120px\" ><span class=\"vc_empty_space_inner\"><\/span><\/div>\n<\/div><\/div><\/div><\/div><div class=\"vc_row wpb_row vc_row-fluid\"><div class=\"wpb_column vc_column_container vc_col-sm-8\"><div class=\"vc_column-inner \"><div class=\"wpb_wrapper\"><div id=\"responsive_map-1332175844\" class=\"responsive-map\" style=\"height:500px;width:100%;\"><\/div>\t\t<script type=\"text\/javascript\">\n\t\t\tjQuery(document).ready(function($){\n\n\t\t\t\tvar mapdiv = jQuery(\"#responsive_map-1332175844\");\n\t\t\t\tmapdiv.gMap({\n\t\t\t\t\tmaptype: google.maps.MapTypeId.ROADMAP,\n\t\t\t\t\tzoom: 12,\n\t\t\t\t\tlatitude: null,\n\t\t\t\t\tlongitude: null,\n\t\t\t\t\tstreetViewControl:true,\n\t\t\t\t\tmapTypeControl:true,\n\t\t\t\t\tzoomControl:true,\n\t\t\t\t\tscaleControl:true,\n\t\t\t\t\tscrollwheel:true,\n\t\t\t\t\tdraggable:true,\n\t\t\t\t\tstyles:[{\"stylers\":[{\"featureType\":\"all\"}]}],\n\t\t\t\t\tmarkers: [{flat: true,key:\"1\",latitude:\"48.147288\",longitude:\"7.323072\",popup:true,html:\"Caveau de D\u00e9gustation: 44 rue du G\u00e9n\u00e9ral de Gaulle 68630 BENNWIHR\",icon: { image:\"http:\/\/www.bouxhof.fr\/wp-content\/plugins\/designthemes-core-features\/shortcodes\/images\/markers\/pin.png\" },},{flat: true,key:\"2\",latitude:\"48.151756 \",longitude:\"7.307265\",popup:false,html:\"Domaine du Bouxhof 68630 MITTELWIHR\",icon: { image:\"http:\/\/www.bouxhof.fr\/wp-content\/plugins\/designthemes-core-features\/shortcodes\/images\/markers\/green.png\" },}],\n\t\t\t\t\tpanControl: true,\n\t\t\t\t\toverviewMapControl:true,\n\t\t\t\t});\n\t\t\t});\n\t\t<\/script><\/div><\/div><\/div><div class=\"wpb_column vc_column_container vc_col-sm-4\"><div class=\"vc_column-inner \"><div class=\"wpb_wrapper\"><h2>Contactez-nous<\/h2><div class='dt-sc-hr-invisible-xsmall '> <\/div><div class='dt-sc-contact-info  '><span class='pe-icon pe-call'> <\/span><strong>T\u00e9l\u00e9phone :<\/strong> <strong>03 89 47 90 34<\/strong><\/div><div class='dt-sc-single-line-dashed-separator '><\/div><div class='dt-sc-contact-info  '><span class='pe-icon pe-mail'> <\/span><a title=\"\" href=\"mailto:edel.bouxhof1@gmail.com\"> edel.bouxhof1@gmail.com<\/a><\/div><div class='dt-sc-single-line-dashed-separator '><\/div><div class='dt-sc-contact-info  '><span class='pe-icon pe-map-marker'> <\/span>44 rue du G\u00e9n\u00e9ral de Gaulle<br>68630 BENNWHIR<\/div><div class='dt-sc-single-line-dashed-separator '><\/div><div class='dt-sc-contact-info  '><span class='icon icon-timer'> <\/span>MAR &#8211; DIM : 09h00 -12h00 et 14h00 &#8211; 19h00\nLUN : sur rendez-vous<\/div><\/div><\/div><\/div><\/div><div class=\"vc_row wpb_row vc_row-fluid\"><div class=\"wpb_column vc_column_container vc_col-sm-6\"><div class=\"vc_column-inner \"><div class=\"wpb_wrapper\"><div class=\"vc_empty_space\"   style=\"height: 40px\" ><span class=\"vc_empty_space_inner\"><\/span><\/div>\n<div role=\"form\" class=\"wpcf7\" id=\"wpcf7-f4-o1\" lang=\"en-US\" dir=\"ltr\">\n<div class=\"screen-reader-response\"><p role=\"status\" aria-live=\"polite\" aria-atomic=\"true\"><\/p> <ul><\/ul><\/div>\n<form action=\"\/fr_fr\/wp-json\/wp\/v2\/pages\/10361#wpcf7-f4-o1\" method=\"post\" class=\"wpcf7-form init\" novalidate=\"novalidate\" data-status=\"init\">\n<div style=\"display: none;\">\n<input type=\"hidden\" name=\"_wpcf7\" value=\"4\" \/>\n<input type=\"hidden\" name=\"_wpcf7_version\" value=\"5.5.6\" \/>\n<input type=\"hidden\" name=\"_wpcf7_locale\" value=\"en_US\" \/>\n<input type=\"hidden\" name=\"_wpcf7_unit_tag\" value=\"wpcf7-f4-o1\" \/>\n<input type=\"hidden\" name=\"_wpcf7_container_post\" value=\"0\" \/>\n<input type=\"hidden\" name=\"_wpcf7_posted_data_hash\" value=\"\" \/>\n<\/div>\n<p><label> Nom<br \/>\n    <span class=\"wpcf7-form-control-wrap your-name\"><input type=\"text\" name=\"your-name\" value=\"\" size=\"40\" class=\"wpcf7-form-control wpcf7-text wpcf7-validates-as-required\" aria-required=\"true\" aria-invalid=\"false\" \/><\/span> <\/label><\/p>\n<p><label> Email<br \/>\n    <span class=\"wpcf7-form-control-wrap your-email\"><input type=\"email\" name=\"your-email\" value=\"\" size=\"40\" class=\"wpcf7-form-control wpcf7-text wpcf7-email wpcf7-validates-as-required wpcf7-validates-as-email\" aria-required=\"true\" aria-invalid=\"false\" \/><\/span> <\/label><\/p>\n<p><label> Sujet<br \/>\n    <span class=\"wpcf7-form-control-wrap your-subject\"><input type=\"text\" name=\"your-subject\" value=\"\" size=\"40\" class=\"wpcf7-form-control wpcf7-text\" aria-invalid=\"false\" \/><\/span> <\/label><\/p>\n<p><label> Message<br \/>\n    <span class=\"wpcf7-form-control-wrap your-message\"><textarea name=\"your-message\" cols=\"40\" rows=\"10\" class=\"wpcf7-form-control wpcf7-textarea\" aria-invalid=\"false\"><\/textarea><\/span> <\/label><br \/>\n<span class=\"wpcf7-form-control-wrap RGPD\"><span class=\"wpcf7-form-control wpcf7-checkbox wpcf7-validates-as-required\"><span class=\"wpcf7-list-item first last\"><input type=\"checkbox\" name=\"RGPD[]\" value=\"En soumettant ce formulaire, vous acceptez que les donn\u00e9es renseign\u00e9es soient utilis\u00e9es par Bouxhof pour leur permettre de prendre connaissance de votre demande, y r\u00e9pondre ainsi que, le cas \u00e9ch\u00e9ant, assurer la gestion de la relation contractuelle qui pourrait en d\u00e9couler :\" \/><span class=\"wpcf7-list-item-label\">En soumettant ce formulaire, vous acceptez que les donn\u00e9es renseign\u00e9es soient utilis\u00e9es par Bouxhof pour leur permettre de prendre connaissance de votre demande, y r\u00e9pondre ainsi que, le cas \u00e9ch\u00e9ant, assurer la gestion de la relation contractuelle qui pourrait en d\u00e9couler :<\/span><\/span><\/span><\/span><br><a href=\"\/mentions-legales\">Lire les termes et conditions d'utilisation<\/a><\/p>\n<p><input type=\"submit\" value=\"Envoyer\" class=\"wpcf7-form-control has-spinner wpcf7-submit\" \/><\/p>\n<div class=\"wpcf7-response-output\" aria-hidden=\"true\"><\/div><\/form><\/div><div class=\"vc_empty_space\"   style=\"height: 120px\" ><span class=\"vc_empty_space_inner\"><\/span><\/div>\n<\/div><\/div><\/div><div class=\"wpb_column vc_column_container vc_col-sm-3\"><div class=\"vc_column-inner \"><div class=\"wpb_wrapper\"><div class=\"vc_empty_space\"   style=\"height: 40px\" ><span class=\"vc_empty_space_inner\"><\/span><\/div>\n<h3 style=\"color: #277a2a;text-align: center;font-family:Great Vibes;font-weight:400;font-style:normal\" class=\"vc_custom_heading\">Le domaine<\/h3><img width=\"1024\" height=\"768\" src=\"https:\/\/www.bouxhof.fr\/wp-content\/uploads\/2018\/07\/photo-contact-domaine.jpg\" class=\"alignnone attachment-full\" alt=\"\" decoding=\"async\" loading=\"lazy\" srcset=\"https:\/\/www.bouxhof.fr\/wp-content\/uploads\/2018\/07\/photo-contact-domaine.jpg 1024w, https:\/\/www.bouxhof.fr\/wp-content\/uploads\/2018\/07\/photo-contact-domaine-500x375.jpg 500w, https:\/\/www.bouxhof.fr\/wp-content\/uploads\/2018\/07\/photo-contact-domaine-300x225.jpg 300w, https:\/\/www.bouxhof.fr\/wp-content\/uploads\/2018\/07\/photo-contact-domaine-768x576.jpg 768w\" sizes=\"(max-width: 1024px) 100vw, 1024px\" \/><\/div><\/div><\/div><div class=\"wpb_column vc_column_container vc_col-sm-3\"><div class=\"vc_column-inner \"><div class=\"wpb_wrapper\"><div class=\"vc_empty_space\"   style=\"height: 40px\" ><span class=\"vc_empty_space_inner\"><\/span><\/div>\n<h3 style=\"color: #277a2a;text-align: center;font-family:Great Vibes;font-weight:400;font-style:normal\" class=\"vc_custom_heading\">Le caveau<\/h3><img width=\"1024\" height=\"768\" src=\"https:\/\/www.bouxhof.fr\/wp-content\/uploads\/2018\/07\/photo-contact-caveau.jpg\" class=\"alignnone attachment-full\" alt=\"\" decoding=\"async\" loading=\"lazy\" srcset=\"https:\/\/www.bouxhof.fr\/wp-content\/uploads\/2018\/07\/photo-contact-caveau.jpg 1024w, https:\/\/www.bouxhof.fr\/wp-content\/uploads\/2018\/07\/photo-contact-caveau-500x375.jpg 500w, https:\/\/www.bouxhof.fr\/wp-content\/uploads\/2018\/07\/photo-contact-caveau-300x225.jpg 300w, https:\/\/www.bouxhof.fr\/wp-content\/uploads\/2018\/07\/photo-contact-caveau-768x576.jpg 768w\" sizes=\"(max-width: 1024px) 100vw, 1024px\" \/><\/div><\/div><\/div><\/div>\n","protected":false},"excerpt":{"rendered":"jQuery(document).ready(function($){ var mapdiv = jQuery(\"#responsive_map-46888656\"); mapdiv.gMap({ maptype: google.maps.MapTypeId.ROADMAP, zoom: 12, latitude: null, longitude: null, streetViewControl:true, mapTypeControl:true, zoomControl:true, scaleControl:true, scrollwheel:true, draggable:true, styles:[{\"stylers\":[{\"featureType\":\"all\"}]}], markers: [{flat: true,key:\"1\",latitude:\"48.147288\",longitude:\"7.323072\",popup:true,html:\"Caveau de D\u00e9gustation: 44 rue du G\u00e9n\u00e9ral de Gaulle 68630 BENNWIHR\",icon: { image:\"http:\/\/www.bouxhof.fr\/wp-content\/plugins\/designthemes-core-features\/shortcodes\/images\/markers\/pin.png\" },},{flat: true,key:\"2\",latitude:\"48.151756 \",longitude:\"7.307265\",popup:false,html:\"Domaine du Bouxhof 68630 MITTELWIHR\",icon: { image:\"http:\/\/www.bouxhof.fr\/wp-content\/plugins\/designthemes-core-features\/shortcodes\/images\/markers\/green.png\" },}], panControl: true, overviewMapControl:true, }); }); Contactez-nous T\u00e9l\u00e9phone : 03 [...]","protected":false},"author":1,"featured_media":0,"parent":0,"menu_order":0,"comment_status":"open","ping_status":"open","template":"","meta":{"ngg_post_thumbnail":0},"_links":{"self":[{"href":"http:\/\/www.bouxhof.fr\/fr_fr\/wp-json\/wp\/v2\/pages\/10361"}],"collection":[{"href":"http:\/\/www.bouxhof.fr\/fr_fr\/wp-json\/wp\/v2\/pages"}],"about":[{"href":"http:\/\/www.bouxhof.fr\/fr_fr\/wp-json\/wp\/v2\/types\/page"}],"author":[{"embeddable":true,"href":"http:\/\/www.bouxhof.fr\/fr_fr\/wp-json\/wp\/v2\/users\/1"}],"replies":[{"embeddable":true,"href":"http:\/\/www.bouxhof.fr\/fr_fr\/wp-json\/wp\/v2\/comments?post=10361"}],"version-history":[{"count":2,"href":"http:\/\/www.bouxhof.fr\/fr_fr\/wp-json\/wp\/v2\/pages\/10361\/revisions"}],"predecessor-version":[{"id":12467,"href":"http:\/\/www.bouxhof.fr\/fr_fr\/wp-json\/wp\/v2\/pages\/10361\/revisions\/12467"}],"wp:attachment":[{"href":"http:\/\/www.bouxhof.fr\/fr_fr\/wp-json\/wp\/v2\/media?parent=10361"}],"curies":[{"name":"wp","href":"https:\/\/api.w.org\/{rel}","templated":true}]}}