{"id":10407,"date":"2018-04-18T08:20:48","date_gmt":"2018-04-18T06:20:48","guid":{"rendered":"http:\/\/www.bouxhof.fr\/?page_id=10407"},"modified":"2019-12-12T16:58:03","modified_gmt":"2019-12-12T15:58:03","slug":"la-famille","status":"publish","type":"page","link":"http:\/\/www.bouxhof.fr\/fr_fr\/la-famille\/","title":{"rendered":"La famille"},"content":{"rendered":"<div data-vc-full-width=\"true\" data-vc-full-width-init=\"false\" class=\"vc_row wpb_row vc_row-fluid vc_row-o-equal-height vc_row-flex\"><div class=\"wpb_column vc_column_container vc_col-sm-12\"><div class=\"vc_column-inner \"><div class=\"wpb_wrapper\"><div class=\"vc_row wpb_row vc_inner vc_row-fluid\"><div class=\"wpb_column vc_column_container vc_col-sm-12\"><div class=\"vc_column-inner \"><div class=\"wpb_wrapper\"><div class=\"ult-spacer spacer-69de981856a1b\" data-id=\"69de981856a1b\" data-height=\"80\" data-height-mobile=\"80\" data-height-tab=\"80\" data-height-tab-portrait=\"\" data-height-mobile-landscape=\"\" style=\"clear:both;display:block;\"><\/div><h3 style=\"color: #ffffff;text-align: left\" class=\"vc_custom_heading\">La famille<\/h3>\r\n\t<div class=\"wpb_text_column wpb_content_element  dt-sc-dark-bg, dt-sc-dark-bg h1, dt-sc-dark-bg h2, dt-sc-dark-bg h3, dt-sc-dark-bg h4, dt-sc-dark-bg h5, dt-sc-dark-bg h6\" >\r\n\t\t<div class=\"wpb_wrapper\">\r\n\t\t\t<p>La passion de la vigne et du vin de la famille EDEL remonte \u00e0 1747.<\/p>\n<p>\u00c9tabli dans le village de Mittelwihr, puis au Domaine du Bouxhof \u00e0 partir de 1925 sous l\u2019\u0153il vaillant de \u00c9mile Edel, puis succ\u00e9d\u00e8rent ses fils \u00c9mile et Hilaire.<\/p>\n<p>C\u2019est Fran\u00e7ois, en tant que Vigneron R\u00e9coltant, en 1960 qui prit les rennes. Il propulsa le domaine vers de nouveaux horizons en d\u00e9butant de nombreuses foires d\u2019expositions (\u00e0 Limoges, Nevers, St Etienne, Douai) en tant que producteur et \u00e9tait un des premiers \u00e0 ouvrir un caveau de d\u00e9gustation sur la route des vins pour d\u00e9velopper la vente directe du producteur au consommateur.<\/p>\n\r\n\t\t<\/div>\r\n\t<\/div>\r\n\r\n\t<div class=\"wpb_text_column wpb_content_element  dt-sc-dark-bg, dt-sc-dark-bg h1, dt-sc-dark-bg h2, dt-sc-dark-bg h3, dt-sc-dark-bg h4, dt-sc-dark-bg h5, dt-sc-dark-bg h6\" >\r\n\t\t<div class=\"wpb_wrapper\">\r\n\t\t\t<blockquote>\n<p style=\"text-align: center;\">Sa volont\u00e9 du travail bien fait et l\u2019exigence qualitative furent des valeurs qu\u2019il transmit \u00e0 son fils qui l\u2019a rejoint en 1985.<\/p>\n<\/blockquote>\n\r\n\t\t<\/div>\r\n\t<\/div>\r\n\r\n\t<div class=\"wpb_text_column wpb_content_element  dt-sc-dark-bg, dt-sc-dark-bg h1, dt-sc-dark-bg h2, dt-sc-dark-bg h3, dt-sc-dark-bg h4, dt-sc-dark-bg h5, dt-sc-dark-bg h6\" >\r\n\t\t<div class=\"wpb_wrapper\">\r\n\t\t\t<p>Le respect de la nature, la lutte raisonn\u00e9e, la ma\u00eetrise des rendements, l\u2019expression du c\u00e9page et des terroirs sont parmi les priorit\u00e9s du domaine aujourd\u2019hui.<\/p>\n<p>C\u2019est Jean Michel qui dirige l\u2019exploitation depuis 1992, second\u00e9 par son \u00e9pouse Gillian. Apr\u00e8s des \u00e9tudes en Bourgogne et des exp\u00e9riences professionnelles sur le terrain en France et \u00e0 l&rsquo;\u00e9tranger, leur fils Christopher a rejoint l&rsquo;exploitation en 2018.<\/p>\n<p>La vente directe est toujours privil\u00e9gi\u00e9e au caveau et lors de salons et foires.<\/p>\n\r\n\t\t<\/div>\r\n\t<\/div>\r\n<\/div><\/div><\/div><\/div><div class=\"vc_row wpb_row vc_inner vc_row-fluid\"><div class=\"wpb_column vc_column_container vc_col-sm-6\"><div class=\"vc_column-inner \"><div class=\"wpb_wrapper\"><img width=\"1024\" height=\"768\" src=\"https:\/\/www.bouxhof.fr\/wp-content\/uploads\/2018\/07\/photo-famille-gauche.jpg\" class=\"alignnone attachment-full\" alt=\"\" decoding=\"async\" loading=\"lazy\" srcset=\"https:\/\/www.bouxhof.fr\/wp-content\/uploads\/2018\/07\/photo-famille-gauche.jpg 1024w, https:\/\/www.bouxhof.fr\/wp-content\/uploads\/2018\/07\/photo-famille-gauche-500x375.jpg 500w, https:\/\/www.bouxhof.fr\/wp-content\/uploads\/2018\/07\/photo-famille-gauche-300x225.jpg 300w, https:\/\/www.bouxhof.fr\/wp-content\/uploads\/2018\/07\/photo-famille-gauche-768x576.jpg 768w\" sizes=\"(max-width: 1024px) 100vw, 1024px\" \/><\/div><\/div><\/div><div class=\"wpb_column vc_column_container vc_col-sm-6\"><div class=\"vc_column-inner \"><div class=\"wpb_wrapper\"><img width=\"1024\" height=\"768\" src=\"https:\/\/www.bouxhof.fr\/wp-content\/uploads\/2018\/07\/photo-famille-droite-1.jpg\" class=\"alignnone attachment-full\" alt=\"\" decoding=\"async\" loading=\"lazy\" srcset=\"https:\/\/www.bouxhof.fr\/wp-content\/uploads\/2018\/07\/photo-famille-droite-1.jpg 1024w, https:\/\/www.bouxhof.fr\/wp-content\/uploads\/2018\/07\/photo-famille-droite-1-500x375.jpg 500w, https:\/\/www.bouxhof.fr\/wp-content\/uploads\/2018\/07\/photo-famille-droite-1-300x225.jpg 300w, https:\/\/www.bouxhof.fr\/wp-content\/uploads\/2018\/07\/photo-famille-droite-1-768x576.jpg 768w\" sizes=\"(max-width: 1024px) 100vw, 1024px\" \/><\/div><\/div><\/div><\/div><div class=\"ult-spacer spacer-69de981859a03\" data-id=\"69de981859a03\" data-height=\"80\" data-height-mobile=\"80\" data-height-tab=\"80\" data-height-tab-portrait=\"\" data-height-mobile-landscape=\"\" style=\"clear:both;display:block;\"><\/div><\/div><\/div><\/div><\/div><div class=\"vc_row-full-width vc_clearfix\"><\/div><!-- Row Backgrounds --><div class=\"upb_color\" data-bg-override=\"0\" data-bg-color=\"#388e3c\" data-fadeout=\"\" data-fadeout-percentage=\"30\" data-parallax-content=\"\" data-parallax-content-sense=\"30\" data-row-effect-mobile-disable=\"true\" data-img-parallax-mobile-disable=\"true\" data-rtl=\"false\"  data-custom-vc-row=\"\"  data-vc=\"5.2.1\"  data-is_old_vc=\"\"  data-theme-support=\"\"   data-overlay=\"false\" data-overlay-color=\"\" data-overlay-pattern=\"\" data-overlay-pattern-opacity=\"\" data-overlay-pattern-size=\"\"    ><\/div><div class=\"vc_row wpb_row vc_row-fluid\"><div class=\"wpb_column vc_column_container vc_col-sm-12\"><div class=\"vc_column-inner \"><div class=\"wpb_wrapper\"><div class=\"ult-spacer spacer-69de98185b40b\" data-id=\"69de98185b40b\" data-height=\"80\" data-height-mobile=\"80\" data-height-tab=\"80\" data-height-tab-portrait=\"\" data-height-mobile-landscape=\"\" style=\"clear:both;display:block;\"><\/div><\/div><\/div><\/div><\/div><div class=\"vc_row wpb_row vc_row-fluid\"><div class=\"aligncenter wpb_column vc_column_container vc_col-sm-12\"><div class=\"vc_column-inner \"><div class=\"wpb_wrapper\"><div class='dt-sc-hr-invisible-medium '> <\/div><div class='dt-sc-small-separator '><\/div><h2>La famille Edel aujourd'hui<\/h2><div class='dt-sc-hr-invisible-small '> <\/div><div class='dt-sc-clear '> <\/div><\/div><\/div><\/div><\/div><div class=\"vc_row wpb_row vc_row-fluid\"><div class=\"wpb_column vc_column_container vc_col-sm-6\"><div class=\"vc_column-inner \"><div class=\"wpb_wrapper\"><div class='dt-sc-team type2 '><div class='dt-sc-team-thumb'><img width=\"420\" height=\"467\" src=\"https:\/\/www.bouxhof.fr\/wp-content\/uploads\/2018\/07\/photo-famille-jean-michel.jpg\" class=\"attachment-full\" alt=\"\" decoding=\"async\" loading=\"lazy\" srcset=\"https:\/\/www.bouxhof.fr\/wp-content\/uploads\/2018\/07\/photo-famille-jean-michel.jpg 420w, https:\/\/www.bouxhof.fr\/wp-content\/uploads\/2018\/07\/photo-famille-jean-michel-270x300.jpg 270w\" sizes=\"(max-width: 420px) 100vw, 420px\" \/><div class='dt-sc-team-thumb-overlay'><\/div><\/div><div class='dt-sc-team-details'><h4>Jean Michel EDEL<\/h4><h5>G\u00e9rant<\/h5><p>Vigneron et Vinificateur dirigeant l\u2019exploitant depuis 1992<\/p><\/div><\/div><\/div><\/div><\/div><div class=\"wpb_column vc_column_container vc_col-sm-6\"><div class=\"vc_column-inner \"><div class=\"wpb_wrapper\"><div class='dt-sc-team type2 '><div class='dt-sc-team-thumb'><img width=\"420\" height=\"467\" src=\"https:\/\/www.bouxhof.fr\/wp-content\/uploads\/2018\/06\/gillian-edel.jpg\" class=\"attachment-full\" alt=\"\" decoding=\"async\" loading=\"lazy\" srcset=\"https:\/\/www.bouxhof.fr\/wp-content\/uploads\/2018\/06\/gillian-edel.jpg 420w, https:\/\/www.bouxhof.fr\/wp-content\/uploads\/2018\/06\/gillian-edel-270x300.jpg 270w\" sizes=\"(max-width: 420px) 100vw, 420px\" \/><div class='dt-sc-team-thumb-overlay'><\/div><\/div><div class='dt-sc-team-details'><h4>Gillian EDEL<\/h4><h5>G\u00e9rante<\/h5><p>Exploitante et Gestionnaire aux c\u00f4t\u00e9s de Jean Michel Edel depuis 1992<\/p><\/div><\/div><\/div><\/div><\/div><\/div><div class=\"vc_row wpb_row vc_row-fluid\"><div class=\"wpb_column vc_column_container vc_col-sm-6\"><div class=\"vc_column-inner \"><div class=\"wpb_wrapper\"><div class=\"ult-spacer spacer-69de98185d7bb\" data-id=\"69de98185d7bb\" data-height=\"40\" data-height-mobile=\"40\" data-height-tab=\"40\" data-height-tab-portrait=\"\" data-height-mobile-landscape=\"\" style=\"clear:both;display:block;\"><\/div><div class='dt-sc-team type2 '><div class='dt-sc-team-thumb'><img width=\"420\" height=\"467\" src=\"https:\/\/www.bouxhof.fr\/wp-content\/uploads\/2018\/04\/christopher-edel.jpg\" class=\"attachment-full\" alt=\"\" decoding=\"async\" loading=\"lazy\" srcset=\"https:\/\/www.bouxhof.fr\/wp-content\/uploads\/2018\/04\/christopher-edel.jpg 420w, https:\/\/www.bouxhof.fr\/wp-content\/uploads\/2018\/04\/christopher-edel-270x300.jpg 270w\" sizes=\"(max-width: 420px) 100vw, 420px\" \/><div class='dt-sc-team-thumb-overlay'><\/div><\/div><div class='dt-sc-team-details'><h4>Christopher EDEL<\/h4><h5>Fils de Jean Michel et Gillian<\/h5><p>A rejoint l\u2019exploitation en 2016. L\u2019avenir c\u2019est lui!<\/p><\/div><\/div><\/div><\/div><\/div><div class=\"wpb_column vc_column_container vc_col-sm-6\"><div class=\"vc_column-inner \"><div class=\"wpb_wrapper\"><div class=\"ult-spacer spacer-69de98185eee2\" data-id=\"69de98185eee2\" data-height=\"40\" data-height-mobile=\"40\" data-height-tab=\"40\" data-height-tab-portrait=\"\" data-height-mobile-landscape=\"\" style=\"clear:both;display:block;\"><\/div><div class='dt-sc-team type2 '><div class='dt-sc-team-thumb'><img width=\"420\" height=\"467\" src=\"https:\/\/www.bouxhof.fr\/wp-content\/uploads\/2018\/06\/benjamin-2.jpg\" class=\"attachment-full\" alt=\"\" decoding=\"async\" loading=\"lazy\" srcset=\"https:\/\/www.bouxhof.fr\/wp-content\/uploads\/2018\/06\/benjamin-2.jpg 420w, https:\/\/www.bouxhof.fr\/wp-content\/uploads\/2018\/06\/benjamin-2-270x300.jpg 270w\" sizes=\"(max-width: 420px) 100vw, 420px\" \/><div class='dt-sc-team-thumb-overlay'><\/div><\/div><div class='dt-sc-team-details'><h4>Benjamin Edel<\/h4><h5>Fils de Jean-Michel et Gillian <\/h5><p>Donne occasionnellement son aide pr\u00e9cieuse sur l\u2019exploitation.<\/p><\/div><\/div><\/div><\/div><\/div><\/div><div class=\"vc_row wpb_row vc_row-fluid\"><div class=\"wpb_column vc_column_container vc_col-sm-12\"><div class=\"vc_column-inner \"><div class=\"wpb_wrapper\"><div class=\"ult-spacer spacer-69de98185fc28\" data-id=\"69de98185fc28\" data-height=\"100\" data-height-mobile=\"100\" data-height-tab=\"100\" data-height-tab-portrait=\"\" data-height-mobile-landscape=\"\" style=\"clear:both;display:block;\"><\/div><\/div><\/div><\/div><\/div>\n","protected":false},"excerpt":{"rendered":"La famille La passion de la vigne et du vin de la famille EDEL remonte \u00e0 1747. \u00c9tabli dans le village de Mittelwihr, puis au Domaine du Bouxhof \u00e0 partir de 1925 sous l\u2019\u0153il vaillant de \u00c9mile Edel, puis succ\u00e9d\u00e8rent ses fils \u00c9mile et Hilaire. C\u2019est Fran\u00e7ois, en tant que Vigneron R\u00e9coltant, en 1960 qui [...]","protected":false},"author":1,"featured_media":0,"parent":0,"menu_order":0,"comment_status":"closed","ping_status":"closed","template":"","meta":{"ngg_post_thumbnail":0},"_links":{"self":[{"href":"http:\/\/www.bouxhof.fr\/fr_fr\/wp-json\/wp\/v2\/pages\/10407"}],"collection":[{"href":"http:\/\/www.bouxhof.fr\/fr_fr\/wp-json\/wp\/v2\/pages"}],"about":[{"href":"http:\/\/www.bouxhof.fr\/fr_fr\/wp-json\/wp\/v2\/types\/page"}],"author":[{"embeddable":true,"href":"http:\/\/www.bouxhof.fr\/fr_fr\/wp-json\/wp\/v2\/users\/1"}],"replies":[{"embeddable":true,"href":"http:\/\/www.bouxhof.fr\/fr_fr\/wp-json\/wp\/v2\/comments?post=10407"}],"version-history":[{"count":0,"href":"http:\/\/www.bouxhof.fr\/fr_fr\/wp-json\/wp\/v2\/pages\/10407\/revisions"}],"wp:attachment":[{"href":"http:\/\/www.bouxhof.fr\/fr_fr\/wp-json\/wp\/v2\/media?parent=10407"}],"curies":[{"name":"wp","href":"https:\/\/api.w.org\/{rel}","templated":true}]}}