{"id":10477,"date":"2018-04-18T10:25:52","date_gmt":"2018-04-18T08:25:52","guid":{"rendered":"http:\/\/www.bouxhof.fr\/?page_id=10477"},"modified":"2019-12-12T16:57:39","modified_gmt":"2019-12-12T15:57:39","slug":"cote-vigne-2","status":"publish","type":"page","link":"http:\/\/www.bouxhof.fr\/fr_fr\/cote-vigne-2\/","title":{"rendered":"C\u00f4t\u00e9 Vigne"},"content":{"rendered":"<div class=\"vc_row wpb_row vc_row-fluid vc_custom_1524143436518\"><div class=\"wpb_column vc_column_container vc_col-sm-12\"><div class=\"vc_column-inner \"><div class=\"wpb_wrapper\"><div class=\"ult-animation  ult-animate-viewport  ult-no-mobile \" data-animate=\"fadeInDown\" data-animation-delay=\"1\" data-animation-duration=\"1\" data-animation-iteration=\"1\" style=\"opacity:0;\" data-opacity_start_effect=\"\"><div class='dt-sc-title script-with-sub-title aligncenter'><h2>Le procesus<\/h2><h3><\/h3><\/div><\/div><div class=\"ult-spacer spacer-69de97ce9d7d8\" data-id=\"69de97ce9d7d8\" data-height=\"30\" data-height-mobile=\"30\" data-height-tab=\"30\" data-height-tab-portrait=\"\" data-height-mobile-landscape=\"\" style=\"clear:both;display:block;\"><\/div><\/div><\/div><\/div><\/div><div class=\"vc_row wpb_row vc_row-fluid\"><div class=\"wpb_column vc_column_container vc_col-sm-6\"><div class=\"vc_column-inner \"><div class=\"wpb_wrapper\"><div class=\"ult-animation  ult-no-mobile \" data-animate=\"fadeInDown\" data-animation-delay=\"0.3\" data-animation-duration=\"0.3\" data-animation-iteration=\"1\" style=\"\" ><h3 style=\"color: #388e3c;text-align: center\" class=\"vc_custom_heading\">L'hiver<\/h3><img width=\"960\" height=\"450\" src=\"https:\/\/www.bouxhof.fr\/wp-content\/uploads\/2018\/07\/cote-vigne-hiver-1.jpg\" class=\"alignnone attachment-full\" alt=\"\" decoding=\"async\" loading=\"lazy\" srcset=\"https:\/\/www.bouxhof.fr\/wp-content\/uploads\/2018\/07\/cote-vigne-hiver-1.jpg 960w, https:\/\/www.bouxhof.fr\/wp-content\/uploads\/2018\/07\/cote-vigne-hiver-1-500x234.jpg 500w, https:\/\/www.bouxhof.fr\/wp-content\/uploads\/2018\/07\/cote-vigne-hiver-1-300x141.jpg 300w, https:\/\/www.bouxhof.fr\/wp-content\/uploads\/2018\/07\/cote-vigne-hiver-1-768x360.jpg 768w\" sizes=\"(max-width: 960px) 100vw, 960px\" \/><div class=\"ult-spacer spacer-69de97ce9f765\" data-id=\"69de97ce9f765\" data-height=\"20\" data-height-mobile=\"20\" data-height-tab=\"20\" data-height-tab-portrait=\"\" data-height-mobile-landscape=\"\" style=\"clear:both;display:block;\"><\/div>\r\n\t<div class=\"wpb_text_column wpb_content_element \" >\r\n\t\t<div class=\"wpb_wrapper\">\r\n\t\t\t<p>Le travail effectu\u00e9 durant la p\u00e9riode de repos v\u00e9g\u00e9tatif est la taille de la vigne. En taillant court, nous influen\u00e7ons la production qualitative et quantitative en limitant les rendements.<\/p>\n<p>Nous choisissons deux petites baguettes venant du cep (taille Guyot poussard) avec des coursons et conservons \u00e0 la souche la forme et la jeunesse du pied.<\/p>\n<p>Le restant du bois est mis \u00e0 terre, puis broy\u00e9 pour en faire un composte naturel avec la d\u00e9composition du feuillage, on obtient un humus naturel. Les piquets d\u00e9fectueux sont remplac\u00e9s et les fils de fer retendus.<\/p>\n<p>Le cep est ensuite attach\u00e9 et les sarments pli\u00e9s vers le bas.<br \/>\nCette derni\u00e8re op\u00e9ration doit \u00eatre effectu\u00e9 avant mi-avril quand la vigne commence \u00e0 bourgeonner et sortir ses premi\u00e8res feuilles.<\/p>\n<p>Le sol est entretenu par le griffage pour obtenir un sol vivant et a\u00e9r\u00e9.<\/p>\n\r\n\t\t<\/div>\r\n\t<\/div>\r\n<\/div><div class=\"ult-spacer spacer-69de97ce9f869\" data-id=\"69de97ce9f869\" data-height=\"50\" data-height-mobile=\"50\" data-height-tab=\"50\" data-height-tab-portrait=\"\" data-height-mobile-landscape=\"\" style=\"clear:both;display:block;\"><\/div><\/div><\/div><\/div><div class=\"wpb_column vc_column_container vc_col-sm-6\"><div class=\"vc_column-inner \"><div class=\"wpb_wrapper\"><div class=\"ult-animation  ult-no-mobile \" data-animate=\"No Animation\" data-animation-delay=\"0.3\" data-animation-duration=\"0.3\" data-animation-iteration=\"1\" style=\"\" ><h3 style=\"color: #388e3c;text-align: center\" class=\"vc_custom_heading\">Le Printemps<\/h3>\r\n\t<div class=\"wpb_text_column wpb_content_element \" >\r\n\t\t<div class=\"wpb_wrapper\">\r\n\t\t\t<p>C\u2019est la p\u00e9riode des nouvelles plantations et complantation.<\/p>\n<p>Apr\u00e8s une p\u00e9riode de repos le sol est r\u00e9chauff\u00e9 par le soleil, une analyse de sol est obligatoire pour trouver le meilleur compromis entre c\u00e9page, porte greffe peu productif mais tr\u00e8s qualitatif et la nature du sol correspondant \u00e0 la parcelle.<\/p>\n<p>Elle est ensuite sous-sol\u00e9e puis rotob\u00e8ch\u00e9e afin d\u2019a\u00e9rer le sol pr\u00e9par\u00e9e pour recevoir dans les conditions optimales les nouveaux jeunes plants. Ces jeunes vignes produiront une r\u00e9colte au bout de quatre \u00e0 cinq ans.<\/p>\n<p>Dans ces parcelles nous mettons de la paille (beaucoup plus riche en humus que du fumier) tous les deux rangs, on supprime ainsi l\u2019apport d\u2019engrais et le d\u00e9sherbage. Les autres rangs seront enherb\u00e9s.<\/p>\n<p><img decoding=\"async\" loading=\"lazy\" class=\"alignleft wp-image-11006 size-medium\" src=\"http:\/\/www.bouxhof.fr\/wp-content\/uploads\/2018\/07\/cote-vigne-printemps-300x225.jpg\" alt=\"\" width=\"300\" height=\"225\" srcset=\"https:\/\/www.bouxhof.fr\/wp-content\/uploads\/2018\/07\/cote-vigne-printemps-300x225.jpg 300w, https:\/\/www.bouxhof.fr\/wp-content\/uploads\/2018\/07\/cote-vigne-printemps-500x375.jpg 500w, https:\/\/www.bouxhof.fr\/wp-content\/uploads\/2018\/07\/cote-vigne-printemps-768x576.jpg 768w, https:\/\/www.bouxhof.fr\/wp-content\/uploads\/2018\/07\/cote-vigne-printemps.jpg 960w\" sizes=\"(max-width: 300px) 100vw, 300px\" \/>Ce processus a de nombreux avantages : on supprime l\u2019utilisation de d\u00e9sherbant ; l\u2019herbe favorise l\u2019obtention d\u2019un vin de terroir car l\u2019herbe concurrence la vigne qui doit plonger en profondeur dans le sol pour s\u2019alimenter ; les rendements sont r\u00e9duits naturellement et la vigueur de la vigne est r\u00e9gul\u00e9e car moins touffue et feuillue donc moins sensible aux maladies ; l\u2019\u00e9rosion est aussi r\u00e9duite car l\u2019herbe tient le sol en place ; le sol est moins tass\u00e9 et asphyxi\u00e9, ainsi les racines de la vigne et l\u2019activit\u00e9 biologique du sol en b\u00e9n\u00e9ficient.<\/p>\n<p>Dans les vignes il faut supprimer les rameaux inutiles et les gourmands situ\u00e9s sur la partie inf\u00e9rieur du pied de vigne, car elle pr\u00e9l\u00e8vent inutilement des sucs de la s\u00e8ve au d\u00e9pends du vieux bois.<\/p>\n\r\n\t\t<\/div>\r\n\t<\/div>\r\n<\/div><div class=\"ult-spacer spacer-69de97ce9fb91\" data-id=\"69de97ce9fb91\" data-height=\"50\" data-height-mobile=\"50\" data-height-tab=\"50\" data-height-tab-portrait=\"\" data-height-mobile-landscape=\"\" style=\"clear:both;display:block;\"><\/div><\/div><\/div><\/div><\/div><div class=\"vc_row wpb_row vc_row-fluid\"><div class=\"wpb_column vc_column_container vc_col-sm-12\"><div class=\"vc_column-inner vc_custom_1497935190735\"><div class=\"wpb_wrapper\"><div class=\"ult-animation  ult-no-mobile \" data-animate=\"fadeInDown\" data-animation-delay=\"0.3\" data-animation-duration=\"0.3\" data-animation-iteration=\"1\" style=\"\" ><h3 style=\"color: #388e3c;text-align: center\" class=\"vc_custom_heading\">L'\u00e9t\u00e9<\/h3><\/div><\/div><\/div><\/div><\/div><div class=\"vc_row wpb_row vc_row-fluid\"><div class=\"wpb_column vc_column_container vc_col-sm-6\"><div class=\"vc_column-inner vc_custom_1497935190735\"><div class=\"wpb_wrapper\"><img width=\"960\" height=\"720\" src=\"https:\/\/www.bouxhof.fr\/wp-content\/uploads\/2018\/07\/cote-vigne-\u00e9t\u00e9.jpg\" class=\"alignnone attachment-full\" alt=\"\" decoding=\"async\" loading=\"lazy\" srcset=\"https:\/\/www.bouxhof.fr\/wp-content\/uploads\/2018\/07\/cote-vigne-\u00e9t\u00e9.jpg 960w, https:\/\/www.bouxhof.fr\/wp-content\/uploads\/2018\/07\/cote-vigne-\u00e9t\u00e9-500x375.jpg 500w, https:\/\/www.bouxhof.fr\/wp-content\/uploads\/2018\/07\/cote-vigne-\u00e9t\u00e9-300x225.jpg 300w, https:\/\/www.bouxhof.fr\/wp-content\/uploads\/2018\/07\/cote-vigne-\u00e9t\u00e9-768x576.jpg 768w\" sizes=\"(max-width: 960px) 100vw, 960px\" \/><\/div><\/div><\/div><div class=\"wpb_column vc_column_container vc_col-sm-6\"><div class=\"vc_column-inner \"><div class=\"wpb_wrapper\"><div class=\"ult-animation  ult-no-mobile \" data-animate=\"No Animation\" data-animation-delay=\"0.3\" data-animation-duration=\"0.3\" data-animation-iteration=\"1\" style=\"\" >\r\n\t<div class=\"wpb_text_column wpb_content_element \" >\r\n\t\t<div class=\"wpb_wrapper\">\r\n\t\t\t<p>Apr\u00e8s la floraison, les rang\u00e9es de vigne doivent \u00eatre nettes car les rameaux ne doivent pas former un toit au-dessus de la vigne et provoquer de l\u2019ombre et une mauvaise a\u00e9ration.<\/p>\n<p>La p\u00e9riode de palissage et rognage sont choisis pour ne pas p\u00e9naliser la formation des jeunes feuilles et par cons\u00e9quent nuire \u00e0 la richesse en sucre des raisins.<\/p>\n<p>Vers la mi-ao\u00fbt nous effeuillons les vignes, afin que les raisins puissent se gorger de soleil et m\u00fbrir jusqu\u2019aux vendanges. Nous diminuons fortement ainsi le risque de pourriture.<\/p>\n<p>Ensuite nous effectuons la vendange verte ; c\u2019est \u00e0 dire que nous enlevons les raisins susceptibles de ne pas atteindre la maturit\u00e9 n\u00e9cessaire pour les vendanges en r\u00e9duisant ainsi les rendements.<\/p>\n<p>Nous am\u00e9liorons \u00e0 nouveau la qualit\u00e9 des raisins restants qui b\u00e9n\u00e9ficient plus du soleil de l\u2019\u00e9t\u00e9.<\/p>\n\r\n\t\t<\/div>\r\n\t<\/div>\r\n<\/div><\/div><\/div><\/div><\/div><div class=\"vc_row wpb_row vc_row-fluid\"><div class=\"wpb_column vc_column_container vc_col-sm-12\"><div class=\"vc_column-inner vc_custom_1497935190735\"><div class=\"wpb_wrapper\"><div class=\"ult-spacer spacer-69de97cea0fae\" data-id=\"69de97cea0fae\" data-height=\"20\" data-height-mobile=\"20\" data-height-tab=\"20\" data-height-tab-portrait=\"\" data-height-mobile-landscape=\"\" style=\"clear:both;display:block;\"><\/div>\r\n\t<div class=\"wpb_text_column wpb_content_element \" >\r\n\t\t<div class=\"wpb_wrapper\">\r\n\t\t\t<p>Nous am\u00e9liorons \u00e0 nouveau la qualit\u00e9 des raisins restants qui b\u00e9n\u00e9ficient plus du soleil de l\u2019\u00e9t\u00e9.<\/p>\n<p>Il serait pr\u00e9judiciable de laisser la vigne sans protection durant sa phase v\u00e9g\u00e9tative. Nous pr\u00e9parons nos traitements pour lutter contre les maladies cyrptogomiques (mildiou, o\u00efdium,) mais aussi contre les redoutables insectes : les vers de la grappe, eulia, eud\u00e9mis et cochylis.<\/p>\n<p>Pour r\u00e9duire le nombre de traitements et pour une meilleure efficacit\u00e9, nous surveillons la courbe des vols des insectes. Nous posons des pi\u00e8ges sexuels avec une capsule d\u2019hormone dans certaines parcelles.<\/p>\n<p>Les insectes y sont attir\u00e9s et nous les comptons tous les 2 \u00e0 3 jours afin de d\u00e9finir les pointes de ponte et de vol, et ainsi choisir le moment propice pour l\u2019efficacit\u00e9 d\u2019un seul traitement.<\/p>\n\r\n\t\t<\/div>\r\n\t<\/div>\r\n<h3 style=\"color: #277a2a;text-align: center\" class=\"vc_custom_heading\">Les Vendanges<\/h3><\/div><\/div><\/div><\/div><div class=\"vc_row wpb_row vc_row-fluid\"><div class=\"wpb_column vc_column_container vc_col-sm-6\"><div class=\"vc_column-inner vc_custom_1497935190735\"><div class=\"wpb_wrapper\"><div class=\"ult-animation  ult-no-mobile \" data-animate=\"No Animation\" data-animation-delay=\"0.3\" data-animation-duration=\"0.3\" data-animation-iteration=\"1\" style=\"\" >\r\n\t<div class=\"wpb_text_column wpb_content_element \" >\r\n\t\t<div class=\"wpb_wrapper\">\r\n\t\t\t<p>Les temp\u00e9ratures des mois de septembre et octobre jouent un r\u00f4le important, les raisins se colorent et le taux de sucre augmente rapidement et l\u2019acidit\u00e9 diminue.<\/p>\n<p>Nous surveillons attentivement le cycle de m\u00fbrissement, afin de d\u00e9finir le meilleur moment pour vendanger parcelle par parcelle.<\/p>\n<p>Les raisins sont apport\u00e9s avec soin au vendangeoir et mis dans un pressoir pneumatique, qui dispose de divers programmes de pressurage. Le choix de celui-ci se fait en fonction du c\u00e9page, de la qualit\u00e9, de l\u2019ann\u00e9e et de l\u2019\u00e9tat sanitaire du raisin, pour obtenir un mo\u00fbt d\u2019une tr\u00e8s bonne qualit\u00e9.<\/p>\n<p>La cueillette matinale des raisins et le pressurage doit \u00eatre tr\u00e8s court pour diminuer fortement l\u2019utilisation de SO2.<\/p>\n<p>La situation du Domaine au c\u0153ur des vignes favorise cette rapidit\u00e9.<\/p>\n\r\n\t\t<\/div>\r\n\t<\/div>\r\n<\/div><\/div><\/div><\/div><div class=\"wpb_column vc_column_container vc_col-sm-6\"><div class=\"vc_column-inner \"><div class=\"wpb_wrapper\"><div class=\"ult-animation  ult-no-mobile \" data-animate=\"fadeInLeft\" data-animation-delay=\"0.3\" data-animation-duration=\"0.3\" data-animation-iteration=\"1\" style=\"\" >\n\t<div  class=\"wpb_single_image wpb_content_element vc_align_center  vc_custom_1531147393848\">\n\t\t\n\t\t<figure class=\"wpb_wrapper vc_figure\">\n\t\t\t<div class=\"vc_single_image-wrapper   vc_box_border_grey\"><img width=\"960\" height=\"720\" src=\"https:\/\/www.bouxhof.fr\/wp-content\/uploads\/2018\/07\/cote-vigne-vendanges.jpg\" class=\"vc_single_image-img attachment-full\" alt=\"\" decoding=\"async\" loading=\"lazy\" srcset=\"https:\/\/www.bouxhof.fr\/wp-content\/uploads\/2018\/07\/cote-vigne-vendanges.jpg 960w, https:\/\/www.bouxhof.fr\/wp-content\/uploads\/2018\/07\/cote-vigne-vendanges-500x375.jpg 500w, https:\/\/www.bouxhof.fr\/wp-content\/uploads\/2018\/07\/cote-vigne-vendanges-300x225.jpg 300w, https:\/\/www.bouxhof.fr\/wp-content\/uploads\/2018\/07\/cote-vigne-vendanges-768x576.jpg 768w\" sizes=\"(max-width: 960px) 100vw, 960px\" \/><\/div>\n\t\t<\/figure>\n\t<\/div>\n<\/div><\/div><\/div><\/div><\/div><div class=\"vc_row wpb_row vc_row-fluid\"><div class=\"wpb_column vc_column_container vc_col-sm-12\"><div class=\"vc_column-inner \"><div class=\"wpb_wrapper\"><div class=\"ult-spacer spacer-69de97cea261c\" data-id=\"69de97cea261c\" data-height=\"100\" data-height-mobile=\"100\" data-height-tab=\"100\" data-height-tab-portrait=\"\" data-height-mobile-landscape=\"\" style=\"clear:both;display:block;\"><\/div><\/div><\/div><\/div><\/div>\n","protected":false},"excerpt":{"rendered":"Le procesusL'hiver Le travail effectu\u00e9 durant la p\u00e9riode de repos v\u00e9g\u00e9tatif est la taille de la vigne. En taillant court, nous influen\u00e7ons la production qualitative et quantitative en limitant les rendements. Nous choisissons deux petites baguettes venant du cep (taille Guyot poussard) avec des coursons et conservons \u00e0 la souche la forme et la jeunesse [...]","protected":false},"author":1,"featured_media":0,"parent":0,"menu_order":0,"comment_status":"closed","ping_status":"closed","template":"","meta":{"ngg_post_thumbnail":0},"_links":{"self":[{"href":"http:\/\/www.bouxhof.fr\/fr_fr\/wp-json\/wp\/v2\/pages\/10477"}],"collection":[{"href":"http:\/\/www.bouxhof.fr\/fr_fr\/wp-json\/wp\/v2\/pages"}],"about":[{"href":"http:\/\/www.bouxhof.fr\/fr_fr\/wp-json\/wp\/v2\/types\/page"}],"author":[{"embeddable":true,"href":"http:\/\/www.bouxhof.fr\/fr_fr\/wp-json\/wp\/v2\/users\/1"}],"replies":[{"embeddable":true,"href":"http:\/\/www.bouxhof.fr\/fr_fr\/wp-json\/wp\/v2\/comments?post=10477"}],"version-history":[{"count":0,"href":"http:\/\/www.bouxhof.fr\/fr_fr\/wp-json\/wp\/v2\/pages\/10477\/revisions"}],"wp:attachment":[{"href":"http:\/\/www.bouxhof.fr\/fr_fr\/wp-json\/wp\/v2\/media?parent=10477"}],"curies":[{"name":"wp","href":"https:\/\/api.w.org\/{rel}","templated":true}]}}