{"id":10515,"date":"2018-04-18T11:29:25","date_gmt":"2018-04-18T09:29:25","guid":{"rendered":"http:\/\/www.bouxhof.fr\/?page_id=10515"},"modified":"2019-12-12T16:57:30","modified_gmt":"2019-12-12T15:57:30","slug":"cote-cave","status":"publish","type":"page","link":"http:\/\/www.bouxhof.fr\/fr_fr\/cote-cave\/","title":{"rendered":"C\u00f4t\u00e9 cave"},"content":{"rendered":"<div class=\"vc_row wpb_row vc_row-fluid vc_custom_1524143483530\"><div class=\"wpb_column vc_column_container vc_col-sm-12\"><div class=\"vc_column-inner \"><div class=\"wpb_wrapper\"><div class=\"ult-animation  ult-animate-viewport  ult-no-mobile \" data-animate=\"fadeInDown\" data-animation-delay=\"1\" data-animation-duration=\"1\" data-animation-iteration=\"1\" style=\"opacity:0;\" data-opacity_start_effect=\"\"><div class='dt-sc-title script-with-sub-title aligncenter'><h2>Les diff\u00e9rentes \u00e9tapes<\/h2><h3><\/h3><\/div><\/div><div class=\"ult-spacer spacer-69e0cec51323f\" data-id=\"69e0cec51323f\" data-height=\"30\" data-height-mobile=\"30\" data-height-tab=\"30\" data-height-tab-portrait=\"\" data-height-mobile-landscape=\"\" style=\"clear:both;display:block;\"><\/div><\/div><\/div><\/div><\/div><div class=\"vc_row wpb_row vc_row-fluid\"><div class=\"wpb_column vc_column_container vc_col-sm-12\"><div class=\"vc_column-inner \"><div class=\"wpb_wrapper\"><div class=\"vc_row wpb_row vc_inner vc_row-fluid\"><div class=\"wpb_column vc_column_container vc_col-sm-3\"><div class=\"vc_column-inner \"><div class=\"wpb_wrapper\"><h3 style=\"color: #388e3c;text-align: center;font-family:Great Vibes;font-weight:400;font-style:normal\" class=\"vc_custom_heading\">Etape 1<\/h3><img width=\"800\" height=\"600\" src=\"https:\/\/www.bouxhof.fr\/wp-content\/uploads\/2018\/07\/cote-cave-1.jpg\" class=\"alignnone attachment-full\" alt=\"\" decoding=\"async\" loading=\"lazy\" srcset=\"https:\/\/www.bouxhof.fr\/wp-content\/uploads\/2018\/07\/cote-cave-1.jpg 800w, https:\/\/www.bouxhof.fr\/wp-content\/uploads\/2018\/07\/cote-cave-1-500x375.jpg 500w, https:\/\/www.bouxhof.fr\/wp-content\/uploads\/2018\/07\/cote-cave-1-300x225.jpg 300w, https:\/\/www.bouxhof.fr\/wp-content\/uploads\/2018\/07\/cote-cave-1-768x576.jpg 768w\" sizes=\"(max-width: 800px) 100vw, 800px\" \/><div class=\"ult-spacer spacer-69e0cec517f05\" data-id=\"69e0cec517f05\" data-height=\"20\" data-height-mobile=\"20\" data-height-tab=\"20\" data-height-tab-portrait=\"\" data-height-mobile-landscape=\"\" style=\"clear:both;display:block;\"><\/div>\r\n\t<div class=\"wpb_text_column wpb_content_element \" >\r\n\t\t<div class=\"wpb_wrapper\">\r\n\t\t\t<p>Le jus qui sort du pressoir est d\u00e9barrass\u00e9 de ses impuret\u00e9s par une d\u00e9cantation naturelle \u00e0 froid qui se fait dans nos f\u00fbts en inox.<\/p>\n\r\n\t\t<\/div>\r\n\t<\/div>\r\n<\/div><\/div><\/div><div class=\"wpb_column vc_column_container vc_col-sm-3\"><div class=\"vc_column-inner \"><div class=\"wpb_wrapper\"><h3 style=\"color: #388e3c;text-align: center;font-family:Great Vibes;font-weight:400;font-style:normal\" class=\"vc_custom_heading\">Etape 2<\/h3><img width=\"800\" height=\"600\" src=\"https:\/\/www.bouxhof.fr\/wp-content\/uploads\/2018\/07\/cote-cave-etape-2.jpg\" class=\"alignnone attachment-full\" alt=\"\" decoding=\"async\" loading=\"lazy\" srcset=\"https:\/\/www.bouxhof.fr\/wp-content\/uploads\/2018\/07\/cote-cave-etape-2.jpg 800w, https:\/\/www.bouxhof.fr\/wp-content\/uploads\/2018\/07\/cote-cave-etape-2-500x375.jpg 500w, https:\/\/www.bouxhof.fr\/wp-content\/uploads\/2018\/07\/cote-cave-etape-2-300x225.jpg 300w, https:\/\/www.bouxhof.fr\/wp-content\/uploads\/2018\/07\/cote-cave-etape-2-768x576.jpg 768w\" sizes=\"(max-width: 800px) 100vw, 800px\" \/><div class=\"ult-spacer spacer-69e0cec51a52b\" data-id=\"69e0cec51a52b\" data-height=\"20\" data-height-mobile=\"20\" data-height-tab=\"20\" data-height-tab-portrait=\"\" data-height-mobile-landscape=\"\" style=\"clear:both;display:block;\"><\/div>\r\n\t<div class=\"wpb_text_column wpb_content_element \" >\r\n\t\t<div class=\"wpb_wrapper\">\r\n\t\t\t<p>Ensuite le mo\u00fbt est transvas\u00e9 dans des foudres en ch\u00eane ou en inox pour les petites cuv\u00e9es, o\u00f9 la fermentation est d\u00e9clench\u00e9e par les levures naturelles contenus sur la pellicule des raisins. Le sucre se transforme en alcool avec un d\u00e9gagement de gaz carbonique.<\/p>\n\r\n\t\t<\/div>\r\n\t<\/div>\r\n<\/div><\/div><\/div><div class=\"wpb_column vc_column_container vc_col-sm-3\"><div class=\"vc_column-inner \"><div class=\"wpb_wrapper\"><h3 style=\"color: #388e3c;text-align: center;font-family:Great Vibes;font-weight:400;font-style:normal\" class=\"vc_custom_heading\">Etape 3<\/h3><img width=\"800\" height=\"600\" src=\"https:\/\/www.bouxhof.fr\/wp-content\/uploads\/2018\/07\/cote-cave-etape-3.jpg\" class=\"alignnone attachment-full\" alt=\"\" decoding=\"async\" loading=\"lazy\" srcset=\"https:\/\/www.bouxhof.fr\/wp-content\/uploads\/2018\/07\/cote-cave-etape-3.jpg 800w, https:\/\/www.bouxhof.fr\/wp-content\/uploads\/2018\/07\/cote-cave-etape-3-500x375.jpg 500w, https:\/\/www.bouxhof.fr\/wp-content\/uploads\/2018\/07\/cote-cave-etape-3-300x225.jpg 300w, https:\/\/www.bouxhof.fr\/wp-content\/uploads\/2018\/07\/cote-cave-etape-3-768x576.jpg 768w\" sizes=\"(max-width: 800px) 100vw, 800px\" \/><div class=\"ult-spacer spacer-69e0cec51bb63\" data-id=\"69e0cec51bb63\" data-height=\"20\" data-height-mobile=\"20\" data-height-tab=\"20\" data-height-tab-portrait=\"\" data-height-mobile-landscape=\"\" style=\"clear:both;display:block;\"><\/div>\r\n\t<div class=\"wpb_text_column wpb_content_element \" >\r\n\t\t<div class=\"wpb_wrapper\">\r\n\t\t\t<p>Nous surveillons journali\u00e8rement les fermentations de pr\u00e8s, et avons recours \u00e0 la thermor\u00e9gulation ; il ne faut surtout pas que les fermentations soient rapides , faute de voir la finesse et les ar\u00f4mes d\u2019un vin se d\u00e9grader.<\/p>\n\r\n\t\t<\/div>\r\n\t<\/div>\r\n<\/div><\/div><\/div><div class=\"wpb_column vc_column_container vc_col-sm-3\"><div class=\"vc_column-inner \"><div class=\"wpb_wrapper\"><h3 style=\"color: #388e3c;text-align: center;font-family:Great Vibes;font-weight:400;font-style:normal\" class=\"vc_custom_heading\">Etape 4<\/h3><img width=\"800\" height=\"533\" src=\"https:\/\/www.bouxhof.fr\/wp-content\/uploads\/2018\/07\/cote-cave-4.jpg\" class=\"alignnone attachment-full\" alt=\"\" decoding=\"async\" loading=\"lazy\" srcset=\"https:\/\/www.bouxhof.fr\/wp-content\/uploads\/2018\/07\/cote-cave-4.jpg 800w, https:\/\/www.bouxhof.fr\/wp-content\/uploads\/2018\/07\/cote-cave-4-500x333.jpg 500w, https:\/\/www.bouxhof.fr\/wp-content\/uploads\/2018\/07\/cote-cave-4-300x200.jpg 300w, https:\/\/www.bouxhof.fr\/wp-content\/uploads\/2018\/07\/cote-cave-4-768x512.jpg 768w\" sizes=\"(max-width: 800px) 100vw, 800px\" \/><div class=\"ult-spacer spacer-69e0cec51d291\" data-id=\"69e0cec51d291\" data-height=\"20\" data-height-mobile=\"20\" data-height-tab=\"20\" data-height-tab-portrait=\"\" data-height-mobile-landscape=\"\" style=\"clear:both;display:block;\"><\/div>\r\n\t<div class=\"wpb_text_column wpb_content_element \" >\r\n\t\t<div class=\"wpb_wrapper\">\r\n\t\t\t<p>Apr\u00e8s la fermentation le vin est laiss\u00e9 au repos, puis pour assurer sa limpidit\u00e9 nous s\u00e9parons les derniers r\u00e9sidus par soutirage.<\/p>\n\r\n\t\t<\/div>\r\n\t<\/div>\r\n<\/div><\/div><\/div><\/div><div class=\"vc_row wpb_row vc_inner vc_row-fluid\"><div class=\"wpb_column vc_column_container vc_col-sm-3\"><div class=\"vc_column-inner \"><div class=\"wpb_wrapper\"><h3 style=\"color: #388e3c;text-align: center;font-family:Great Vibes;font-weight:400;font-style:normal\" class=\"vc_custom_heading\">Etape 5<\/h3><img width=\"800\" height=\"600\" src=\"https:\/\/www.bouxhof.fr\/wp-content\/uploads\/2018\/07\/cote-cave-5.jpg\" class=\"alignnone attachment-full\" alt=\"\" decoding=\"async\" loading=\"lazy\" srcset=\"https:\/\/www.bouxhof.fr\/wp-content\/uploads\/2018\/07\/cote-cave-5.jpg 800w, https:\/\/www.bouxhof.fr\/wp-content\/uploads\/2018\/07\/cote-cave-5-500x375.jpg 500w, https:\/\/www.bouxhof.fr\/wp-content\/uploads\/2018\/07\/cote-cave-5-300x225.jpg 300w, https:\/\/www.bouxhof.fr\/wp-content\/uploads\/2018\/07\/cote-cave-5-768x576.jpg 768w\" sizes=\"(max-width: 800px) 100vw, 800px\" \/><div class=\"ult-spacer spacer-69e0cec51f15c\" data-id=\"69e0cec51f15c\" data-height=\"20\" data-height-mobile=\"20\" data-height-tab=\"20\" data-height-tab-portrait=\"\" data-height-mobile-landscape=\"\" style=\"clear:both;display:block;\"><\/div>\r\n\t<div class=\"wpb_text_column wpb_content_element \" >\r\n\t\t<div class=\"wpb_wrapper\">\r\n\t\t\t<p>La mise ne bouteille se fait au printemps entre 6 \u00e0 9 mois apr\u00e8s les vendanges,<br \/>\nLa qualit\u00e9 et l\u2019authenticit\u00e9 de nos vins sont garanties par l\u2019Appellation Alsace Contr\u00f4l\u00e9e, et par la mise en bouteille exclusivement au Domaine du Bouxhof.<\/p>\n\r\n\t\t<\/div>\r\n\t<\/div>\r\n<\/div><\/div><\/div><div class=\"wpb_column vc_column_container vc_col-sm-3\"><div class=\"vc_column-inner \"><div class=\"wpb_wrapper\"><h3 style=\"color: #388e3c;text-align: center;font-family:Great Vibes;font-weight:400;font-style:normal\" class=\"vc_custom_heading\">Etape 6<\/h3><img width=\"800\" height=\"600\" src=\"https:\/\/www.bouxhof.fr\/wp-content\/uploads\/2018\/07\/cote-cave-6.jpg\" class=\"alignnone attachment-full\" alt=\"\" decoding=\"async\" loading=\"lazy\" srcset=\"https:\/\/www.bouxhof.fr\/wp-content\/uploads\/2018\/07\/cote-cave-6.jpg 800w, https:\/\/www.bouxhof.fr\/wp-content\/uploads\/2018\/07\/cote-cave-6-500x375.jpg 500w, https:\/\/www.bouxhof.fr\/wp-content\/uploads\/2018\/07\/cote-cave-6-300x225.jpg 300w, https:\/\/www.bouxhof.fr\/wp-content\/uploads\/2018\/07\/cote-cave-6-768x576.jpg 768w\" sizes=\"(max-width: 800px) 100vw, 800px\" \/><div class=\"ult-spacer spacer-69e0cec52158b\" data-id=\"69e0cec52158b\" data-height=\"20\" data-height-mobile=\"20\" data-height-tab=\"20\" data-height-tab-portrait=\"\" data-height-mobile-landscape=\"\" style=\"clear:both;display:block;\"><\/div>\r\n\t<div class=\"wpb_text_column wpb_content_element \" >\r\n\t\t<div class=\"wpb_wrapper\">\r\n\t\t\t<p>Apr\u00e8s la mise en bouteille nos vins sont stock\u00e9s dans des palettes dans notre cave ancestrale o\u00f9 la temp\u00e9rature et le taux d\u2019humidit\u00e9 sont propices pour leur conservation des vins.<br \/>\nCes palettes sont au fur et \u00e0 mesure transf\u00e9r\u00e9es au stockage.<\/p>\n\r\n\t\t<\/div>\r\n\t<\/div>\r\n<\/div><\/div><\/div><div class=\"wpb_column vc_column_container vc_col-sm-3\"><div class=\"vc_column-inner \"><div class=\"wpb_wrapper\"><h3 style=\"color: #388e3c;text-align: center;font-family:Great Vibes;font-weight:400;font-style:normal\" class=\"vc_custom_heading\">Etape 7<\/h3><img width=\"800\" height=\"600\" src=\"https:\/\/www.bouxhof.fr\/wp-content\/uploads\/2018\/07\/cote-cave-etape-7.jpg\" class=\"alignnone attachment-full\" alt=\"\" decoding=\"async\" loading=\"lazy\" srcset=\"https:\/\/www.bouxhof.fr\/wp-content\/uploads\/2018\/07\/cote-cave-etape-7.jpg 800w, https:\/\/www.bouxhof.fr\/wp-content\/uploads\/2018\/07\/cote-cave-etape-7-500x375.jpg 500w, https:\/\/www.bouxhof.fr\/wp-content\/uploads\/2018\/07\/cote-cave-etape-7-300x225.jpg 300w, https:\/\/www.bouxhof.fr\/wp-content\/uploads\/2018\/07\/cote-cave-etape-7-768x576.jpg 768w\" sizes=\"(max-width: 800px) 100vw, 800px\" \/><div class=\"ult-spacer spacer-69e0cec522a1c\" data-id=\"69e0cec522a1c\" data-height=\"20\" data-height-mobile=\"20\" data-height-tab=\"20\" data-height-tab-portrait=\"\" data-height-mobile-landscape=\"\" style=\"clear:both;display:block;\"><\/div>\r\n\t<div class=\"wpb_text_column wpb_content_element \" >\r\n\t\t<div class=\"wpb_wrapper\">\r\n\t\t\t<p>Les bouteilles sont d\u2019abord lav\u00e9es et s\u00e9ch\u00e9es avant d\u2019\u00eatre \u00e9tiquet\u00e9es et mises en cartons, pour la vente directe au caveau de d\u00e9gustation ou l\u2019exp\u00e9dition par transporteur.<\/p>\n\r\n\t\t<\/div>\r\n\t<\/div>\r\n<\/div><\/div><\/div><div class=\"wpb_column vc_column_container vc_col-sm-3\"><div class=\"vc_column-inner \"><div class=\"wpb_wrapper\"><h3 style=\"color: #388e3c;text-align: center;font-family:Great Vibes;font-weight:400;font-style:normal\" class=\"vc_custom_heading\">Et pour finir<\/h3><img width=\"800\" height=\"600\" src=\"https:\/\/www.bouxhof.fr\/wp-content\/uploads\/2018\/07\/cote-cave-8.jpg\" class=\"alignnone attachment-full\" alt=\"\" decoding=\"async\" loading=\"lazy\" srcset=\"https:\/\/www.bouxhof.fr\/wp-content\/uploads\/2018\/07\/cote-cave-8.jpg 800w, https:\/\/www.bouxhof.fr\/wp-content\/uploads\/2018\/07\/cote-cave-8-500x375.jpg 500w, https:\/\/www.bouxhof.fr\/wp-content\/uploads\/2018\/07\/cote-cave-8-300x225.jpg 300w, https:\/\/www.bouxhof.fr\/wp-content\/uploads\/2018\/07\/cote-cave-8-768x576.jpg 768w\" sizes=\"(max-width: 800px) 100vw, 800px\" \/><div class=\"ult-spacer spacer-69e0cec5238c1\" data-id=\"69e0cec5238c1\" data-height=\"20\" data-height-mobile=\"20\" data-height-tab=\"20\" data-height-tab-portrait=\"\" data-height-mobile-landscape=\"\" style=\"clear:both;display:block;\"><\/div>\r\n\t<div class=\"wpb_text_column wpb_content_element \" >\r\n\t\t<div class=\"wpb_wrapper\">\r\n\t\t\t<p>Le vin est ainsi pr\u00eat pour \u00eatre servi sur les tables d\u2019amateur de bons crus.<\/p>\n<p><strong>Bonne d\u00e9gustation !<\/strong><\/p>\n\r\n\t\t<\/div>\r\n\t<\/div>\r\n<\/div><\/div><\/div><\/div><div class=\"vc_row wpb_row vc_inner vc_row-fluid\"><div class=\"wpb_column vc_column_container vc_col-sm-12\"><div class=\"vc_column-inner \"><div class=\"wpb_wrapper\"><div class=\"ult-spacer spacer-69e0cec523df0\" data-id=\"69e0cec523df0\" data-height=\"100\" data-height-mobile=\"100\" data-height-tab=\"100\" data-height-tab-portrait=\"\" data-height-mobile-landscape=\"\" style=\"clear:both;display:block;\"><\/div><\/div><\/div><\/div><\/div><\/div><\/div><\/div><\/div>\n","protected":false},"excerpt":{"rendered":"Les diff\u00e9rentes \u00e9tapesEtape 1 Le jus qui sort du pressoir est d\u00e9barrass\u00e9 de ses impuret\u00e9s par une d\u00e9cantation naturelle \u00e0 froid qui se fait dans nos f\u00fbts en inox. Etape 2 Ensuite le mo\u00fbt est transvas\u00e9 dans des foudres en ch\u00eane ou en inox pour les petites cuv\u00e9es, o\u00f9 la fermentation est d\u00e9clench\u00e9e par les [...]","protected":false},"author":1,"featured_media":0,"parent":0,"menu_order":0,"comment_status":"closed","ping_status":"closed","template":"","meta":{"ngg_post_thumbnail":0},"_links":{"self":[{"href":"http:\/\/www.bouxhof.fr\/fr_fr\/wp-json\/wp\/v2\/pages\/10515"}],"collection":[{"href":"http:\/\/www.bouxhof.fr\/fr_fr\/wp-json\/wp\/v2\/pages"}],"about":[{"href":"http:\/\/www.bouxhof.fr\/fr_fr\/wp-json\/wp\/v2\/types\/page"}],"author":[{"embeddable":true,"href":"http:\/\/www.bouxhof.fr\/fr_fr\/wp-json\/wp\/v2\/users\/1"}],"replies":[{"embeddable":true,"href":"http:\/\/www.bouxhof.fr\/fr_fr\/wp-json\/wp\/v2\/comments?post=10515"}],"version-history":[{"count":0,"href":"http:\/\/www.bouxhof.fr\/fr_fr\/wp-json\/wp\/v2\/pages\/10515\/revisions"}],"wp:attachment":[{"href":"http:\/\/www.bouxhof.fr\/fr_fr\/wp-json\/wp\/v2\/media?parent=10515"}],"curies":[{"name":"wp","href":"https:\/\/api.w.org\/{rel}","templated":true}]}}