{"id":10555,"date":"2018-04-18T14:30:18","date_gmt":"2018-04-18T12:30:18","guid":{"rendered":"http:\/\/www.bouxhof.fr\/?page_id=10555"},"modified":"2019-12-12T16:57:42","modified_gmt":"2019-12-12T15:57:42","slug":"eaux-de-vie-de-fruits","status":"publish","type":"page","link":"http:\/\/www.bouxhof.fr\/fr_fr\/eaux-de-vie-de-fruits\/","title":{"rendered":"Eaux de vie de fruits"},"content":{"rendered":"<div class=\"vc_row wpb_row vc_row-fluid vc_custom_1524143583742\"><div class=\"wpb_column vc_column_container vc_col-sm-6 vc_col-sm-offset-0\"><div class=\"vc_column-inner \" style=\" text-align:left; \"><div class=\"wpb_wrapper\"><div class=\"ult-animation  ult-no-mobile \" data-animate=\"fadeInLeft\" data-animation-delay=\"0.3\" data-animation-duration=\"0.3\" data-animation-iteration=\"1\" style=\"\" >\n\t<div class=\"wpb_raw_code wpb_content_element wpb_raw_html\" >\n\t\t<div class=\"wpb_wrapper\">\n\t\t\t<div class=\"dt-sc-menu\">   \n    <div class=\"dt-sc-menu-details\">\n        <h6 style=\"color:#388e3c; font-weight:bold;\">Les arbres fruitiers et la r\u00e9colte<\/h6>\n        <p>Nos vergers poss\u00e8dent de nombreux arbres fruitiers typiquement alsaciens (Quetsch, Cerise (Kirsch), Mirabelle, Poire William, Coing, etc.) qui m\u00fbrissent selon le fruit tout au long de l\u2019\u00e9t\u00e9 et de l\u2019automne.<br>\nNous taillons nos arbres pour que le soleil rentre au centre de l\u2019arbre et que les fruits gagnent en maturit\u00e9. Nous r\u00e9coltons au fur et \u00e0 mesure que les fruits m\u00fbrissent. Nos marcs sont \u00e9galement d\u2019excellente qualit\u00e9 car les raisins sont r\u00e9colt\u00e9s \u00e0 pleine maturit\u00e9 et les marcs sont encore gorg\u00e9s de bons jus de raisin, apr\u00e8s un pressurage tout en douceur. Les fermentations  en cuves se font lentement pour conserver le bouquet et go\u00fbt.\n<\/p>\n    <\/div>\n<\/div>\n\t\t<\/div>\n\t<\/div>\n<\/div><\/div><\/div><\/div><div class=\"wpb_column vc_column_container vc_col-sm-3\"><div class=\"vc_column-inner \"><div class=\"wpb_wrapper\"><img width=\"800\" height=\"600\" src=\"https:\/\/www.bouxhof.fr\/wp-content\/uploads\/2018\/07\/eaux-de-vie-arbres1.jpg\" class=\"alignnone attachment-full\" alt=\"\" decoding=\"async\" loading=\"lazy\" srcset=\"https:\/\/www.bouxhof.fr\/wp-content\/uploads\/2018\/07\/eaux-de-vie-arbres1.jpg 800w, https:\/\/www.bouxhof.fr\/wp-content\/uploads\/2018\/07\/eaux-de-vie-arbres1-500x375.jpg 500w, https:\/\/www.bouxhof.fr\/wp-content\/uploads\/2018\/07\/eaux-de-vie-arbres1-300x225.jpg 300w, https:\/\/www.bouxhof.fr\/wp-content\/uploads\/2018\/07\/eaux-de-vie-arbres1-768x576.jpg 768w\" sizes=\"(max-width: 800px) 100vw, 800px\" \/><div class=\"vc_empty_space\"   style=\"height: 20px\" ><span class=\"vc_empty_space_inner\"><\/span><\/div>\n<img width=\"800\" height=\"600\" src=\"https:\/\/www.bouxhof.fr\/wp-content\/uploads\/2018\/07\/eaux-de-vie-arbres3.jpg\" class=\"alignnone attachment-full\" alt=\"\" decoding=\"async\" loading=\"lazy\" srcset=\"https:\/\/www.bouxhof.fr\/wp-content\/uploads\/2018\/07\/eaux-de-vie-arbres3.jpg 800w, https:\/\/www.bouxhof.fr\/wp-content\/uploads\/2018\/07\/eaux-de-vie-arbres3-500x375.jpg 500w, https:\/\/www.bouxhof.fr\/wp-content\/uploads\/2018\/07\/eaux-de-vie-arbres3-300x225.jpg 300w, https:\/\/www.bouxhof.fr\/wp-content\/uploads\/2018\/07\/eaux-de-vie-arbres3-768x576.jpg 768w\" sizes=\"(max-width: 800px) 100vw, 800px\" \/><\/div><\/div><\/div><div class=\"wpb_column vc_column_container vc_col-sm-3\"><div class=\"vc_column-inner \"><div class=\"wpb_wrapper\"><img width=\"800\" height=\"600\" src=\"https:\/\/www.bouxhof.fr\/wp-content\/uploads\/2018\/07\/eaux-de-vie-arbres2.jpg\" class=\"alignnone attachment-full\" alt=\"\" decoding=\"async\" loading=\"lazy\" srcset=\"https:\/\/www.bouxhof.fr\/wp-content\/uploads\/2018\/07\/eaux-de-vie-arbres2.jpg 800w, https:\/\/www.bouxhof.fr\/wp-content\/uploads\/2018\/07\/eaux-de-vie-arbres2-500x375.jpg 500w, https:\/\/www.bouxhof.fr\/wp-content\/uploads\/2018\/07\/eaux-de-vie-arbres2-300x225.jpg 300w, https:\/\/www.bouxhof.fr\/wp-content\/uploads\/2018\/07\/eaux-de-vie-arbres2-768x576.jpg 768w\" sizes=\"(max-width: 800px) 100vw, 800px\" \/><div class=\"vc_empty_space\"   style=\"height: 20px\" ><span class=\"vc_empty_space_inner\"><\/span><\/div>\n<img width=\"800\" height=\"600\" src=\"https:\/\/www.bouxhof.fr\/wp-content\/uploads\/2018\/07\/eaux-de-vie-arbres4.jpg\" class=\"alignnone attachment-full\" alt=\"\" decoding=\"async\" loading=\"lazy\" srcset=\"https:\/\/www.bouxhof.fr\/wp-content\/uploads\/2018\/07\/eaux-de-vie-arbres4.jpg 800w, https:\/\/www.bouxhof.fr\/wp-content\/uploads\/2018\/07\/eaux-de-vie-arbres4-500x375.jpg 500w, https:\/\/www.bouxhof.fr\/wp-content\/uploads\/2018\/07\/eaux-de-vie-arbres4-300x225.jpg 300w, https:\/\/www.bouxhof.fr\/wp-content\/uploads\/2018\/07\/eaux-de-vie-arbres4-768x576.jpg 768w\" sizes=\"(max-width: 800px) 100vw, 800px\" \/><\/div><\/div><\/div><\/div><div class=\"vc_row wpb_row vc_row-fluid vc_custom_1524143583742\"><div class=\"wpb_column vc_column_container vc_col-sm-3\"><div class=\"vc_column-inner \"><div class=\"wpb_wrapper\"><img width=\"290\" height=\"336\" src=\"https:\/\/www.bouxhof.fr\/wp-content\/uploads\/2018\/07\/eaux-de-vie-distillation-1.jpg\" class=\"alignnone attachment-full\" alt=\"\" decoding=\"async\" loading=\"lazy\" srcset=\"https:\/\/www.bouxhof.fr\/wp-content\/uploads\/2018\/07\/eaux-de-vie-distillation-1.jpg 290w, https:\/\/www.bouxhof.fr\/wp-content\/uploads\/2018\/07\/eaux-de-vie-distillation-1-259x300.jpg 259w\" sizes=\"(max-width: 290px) 100vw, 290px\" \/><div class=\"vc_empty_space\"   style=\"height: 20px\" ><span class=\"vc_empty_space_inner\"><\/span><\/div>\n<img width=\"290\" height=\"336\" src=\"https:\/\/www.bouxhof.fr\/wp-content\/uploads\/2018\/07\/eaux-de-vie-distillation-3.jpg\" class=\"alignnone attachment-full\" alt=\"\" decoding=\"async\" loading=\"lazy\" srcset=\"https:\/\/www.bouxhof.fr\/wp-content\/uploads\/2018\/07\/eaux-de-vie-distillation-3.jpg 290w, https:\/\/www.bouxhof.fr\/wp-content\/uploads\/2018\/07\/eaux-de-vie-distillation-3-259x300.jpg 259w\" sizes=\"(max-width: 290px) 100vw, 290px\" \/><\/div><\/div><\/div><div class=\"wpb_column vc_column_container vc_col-sm-3\"><div class=\"vc_column-inner \"><div class=\"wpb_wrapper\"><img width=\"290\" height=\"336\" src=\"https:\/\/www.bouxhof.fr\/wp-content\/uploads\/2018\/07\/eaux-de-vie-distillation-2.jpg\" class=\"alignnone attachment-full\" alt=\"\" decoding=\"async\" loading=\"lazy\" srcset=\"https:\/\/www.bouxhof.fr\/wp-content\/uploads\/2018\/07\/eaux-de-vie-distillation-2.jpg 290w, https:\/\/www.bouxhof.fr\/wp-content\/uploads\/2018\/07\/eaux-de-vie-distillation-2-259x300.jpg 259w\" sizes=\"(max-width: 290px) 100vw, 290px\" \/><div class=\"vc_empty_space\"   style=\"height: 20px\" ><span class=\"vc_empty_space_inner\"><\/span><\/div>\n<img width=\"290\" height=\"336\" src=\"https:\/\/www.bouxhof.fr\/wp-content\/uploads\/2018\/07\/eaux-de-vie-distillation4.png\" class=\"alignnone attachment-full\" alt=\"\" decoding=\"async\" loading=\"lazy\" srcset=\"https:\/\/www.bouxhof.fr\/wp-content\/uploads\/2018\/07\/eaux-de-vie-distillation4.png 290w, https:\/\/www.bouxhof.fr\/wp-content\/uploads\/2018\/07\/eaux-de-vie-distillation4-259x300.png 259w\" sizes=\"(max-width: 290px) 100vw, 290px\" \/><\/div><\/div><\/div><div class=\"wpb_column vc_column_container vc_col-sm-6\"><div class=\"vc_column-inner \"><div class=\"wpb_wrapper\"><div class=\"ult-animation  ult-no-mobile \" data-animate=\"fadeInLeft\" data-animation-delay=\"0.3\" data-animation-duration=\"0.3\" data-animation-iteration=\"1\" style=\"\" >\n\t<div class=\"wpb_raw_code wpb_content_element wpb_raw_html\" >\n\t\t<div class=\"wpb_wrapper\">\n\t\t\t<div class=\"dt-sc-menu\">   \n    <div class=\"dt-sc-menu-details\">\n        <h6 style=\"color:#388e3c; font-weight:bold;\">La Distillation \u00e0 l\u2019ancienne et l\u2019Alambic<\/h6>\n        <p>Nos fruits sont distill\u00e9s lentement au feu de bois dans un alambic en cuivre chauff\u00e9 au bain marie. A l\u2019\u00e9preuve de feu, l\u2019esprit du fruit se r\u00e9v\u00e8le. Nous les passons deux fois et gardons uniquement le c\u0153ur de chauffe pour pr\u00e9server la puret\u00e9 des ar\u00f4mes et la richesse de caract\u00e8re de chaque fruit.<br>\nLe vieillissement se fait en bonbonnes ou dans de petits tonneaux en bois pour  pr\u00e9server totalement la puret\u00e9 des ar\u00f4mes. Notre Vieux Marc de Gewurztraminer est rest\u00e9 plus de 10 ans sous scell\u00e9 d\u2019huissier pour d\u00e9voiler enfin son nez charmeur et sa bouche fine et ronde.\n<\/p>\n    <\/div>\n<\/div>\n\t\t<\/div>\n\t<\/div>\n<\/div><\/div><\/div><\/div><\/div><div class=\"vc_row wpb_row vc_row-fluid\"><div class=\"wpb_column vc_column_container vc_col-sm-12\"><div class=\"vc_column-inner \"><div class=\"wpb_wrapper\"><div class=\"ult-spacer spacer-69de980970179\" data-id=\"69de980970179\" data-height=\"100\" data-height-mobile=\"100\" data-height-tab=\"100\" data-height-tab-portrait=\"\" data-height-mobile-landscape=\"\" style=\"clear:both;display:block;\"><\/div><\/div><\/div><\/div><\/div>\n","protected":false},"excerpt":{"rendered":"Les arbres fruitiers et la r\u00e9colte Nos vergers poss\u00e8dent de nombreux arbres fruitiers typiquement alsaciens (Quetsch, Cerise (Kirsch), Mirabelle, Poire William, Coing, etc.) qui m\u00fbrissent selon le fruit tout au long de l\u2019\u00e9t\u00e9 et de l\u2019automne. Nous taillons nos arbres pour que le soleil rentre au centre de l\u2019arbre et que les fruits gagnent en [...]","protected":false},"author":1,"featured_media":0,"parent":0,"menu_order":0,"comment_status":"closed","ping_status":"closed","template":"","meta":{"ngg_post_thumbnail":0},"_links":{"self":[{"href":"http:\/\/www.bouxhof.fr\/fr_fr\/wp-json\/wp\/v2\/pages\/10555"}],"collection":[{"href":"http:\/\/www.bouxhof.fr\/fr_fr\/wp-json\/wp\/v2\/pages"}],"about":[{"href":"http:\/\/www.bouxhof.fr\/fr_fr\/wp-json\/wp\/v2\/types\/page"}],"author":[{"embeddable":true,"href":"http:\/\/www.bouxhof.fr\/fr_fr\/wp-json\/wp\/v2\/users\/1"}],"replies":[{"embeddable":true,"href":"http:\/\/www.bouxhof.fr\/fr_fr\/wp-json\/wp\/v2\/comments?post=10555"}],"version-history":[{"count":0,"href":"http:\/\/www.bouxhof.fr\/fr_fr\/wp-json\/wp\/v2\/pages\/10555\/revisions"}],"wp:attachment":[{"href":"http:\/\/www.bouxhof.fr\/fr_fr\/wp-json\/wp\/v2\/media?parent=10555"}],"curies":[{"name":"wp","href":"https:\/\/api.w.org\/{rel}","templated":true}]}}