{"id":10754,"date":"2018-06-13T15:08:40","date_gmt":"2018-06-13T13:08:40","guid":{"rendered":"http:\/\/www.bouxhof.fr\/?page_id=10754"},"modified":"2023-07-17T18:37:06","modified_gmt":"2023-07-17T16:37:06","slug":"gite-proche-colmar","status":"publish","type":"page","link":"http:\/\/www.bouxhof.fr\/fr_fr\/gite-proche-colmar\/","title":{"rendered":"Nos g\u00eetes"},"content":{"rendered":"<div class=\"vc_row wpb_row vc_row-fluid\"><div class=\"aligncenter wpb_column vc_column_container vc_col-sm-12\"><div class=\"vc_column-inner \"><div class=\"wpb_wrapper\"><div class='dt-sc-hr-invisible-medium '> <\/div><div class='dt-sc-small-separator '><\/div><h2>Nos g\u00eetes class\u00e9s 3 \u00e9pis<\/h2><div class='dt-sc-hr-invisible-small '> <\/div><div class='dt-sc-clear '> <\/div><\/div><\/div><\/div><\/div><div class=\"vc_row wpb_row vc_row-fluid\"><div class=\"wpb_column vc_column_container vc_col-sm-12\"><div class=\"vc_column-inner \"><div class=\"wpb_wrapper\">\r\n\t<div class=\"wpb_text_column wpb_content_element \" >\r\n\t\t<div class=\"wpb_wrapper\">\r\n\t\t\t<p style=\"text-align: left;\">Au domaine du Bouxhof, nous vous offrons la possibilit\u00e9 de louer des <strong>gites traditionnels<\/strong>, proches de <strong>Colmar<\/strong>, <strong>Riquewihr<\/strong> et <strong>Mittelwihr<\/strong>, pour passer d\u2019agr\u00e9ables vacances.<\/p>\n<p style=\"text-align: left;\">Toutes nos locations de gites se situent dans des zones rurales, au calme pr\u00e8s des vignobles ou vous pourrez y d\u00e9couvrir la gastronomie alsacienne, nos vins r\u00e9put\u00e9s et maisons typiques mais \u00e9galement nos paysages vari\u00e9s et activit\u00e9s. &nbsp;Au travers de ses nombreux paysages, vous pourrez \u00e9galement d\u00e9couvrir la route des vins d\u2019Alsace, passant par tous les villages typiques du vignoble Alsacien, comme avec Mittelwihr, Riquewihr ou encore Colmar.<\/p>\n<p style=\"text-align: left;\">Alors n\u2019attendez plus, venez passer de paisibles vacances sur la route des vins d\u2019Alsace.<\/p>\n\r\n\t\t<\/div>\r\n\t<\/div>\r\n<div class=\"vc_empty_space\"   style=\"height: 50px\" ><span class=\"vc_empty_space_inner\"><\/span><\/div>\n<\/div><\/div><\/div><\/div><div class=\"vc_row wpb_row vc_row-fluid\"><div class=\"wpb_column vc_column_container vc_col-sm-6 vc_col-lg-4 vc_col-md-6 vc_col-has-fill\"><div class=\"vc_column-inner vc_custom_1531926194497\"><div class=\"wpb_wrapper\">\r\n\t<div class=\"wpb_text_column wpb_content_element \" >\r\n\t\t<div class=\"wpb_wrapper\">\r\n\t\t\t<h4>G\u00eete Aile Droite : \u00ab\u00a0Le Gewurz\u00a0\u00bb<\/h4>\n<p>G\u00eete pour 2 \u00e0 4 personnes dans le b\u00e2timent historique du Domaine au c\u0153ur des vigne.<\/p>\n<p>Deux chambres, cuisine \u00e9quip\u00e9e avec coin salon et magnifique terrasse avec vue sur les vignes, le Haut Koenigsbourg et les ch\u00e2teaux de Ribeauvill\u00e9.<\/p>\n\r\n\t\t<\/div>\r\n\t<\/div>\r\n<\/div><\/div><\/div><div class=\"wpb_column vc_column_container vc_col-sm-4\"><div class=\"vc_column-inner \"><div class=\"wpb_wrapper\"><img width=\"615\" height=\"461\" src=\"https:\/\/www.bouxhof.fr\/wp-content\/uploads\/2018\/07\/gite-mittlewihr-proche-colmar-riquewihr-alsace.jpg\" class=\"alignleft attachment-full\" alt=\"chambre gite Mittlewihr proche de colmar et riquewihr au coeur vigne alsace\" decoding=\"async\" loading=\"lazy\" srcset=\"https:\/\/www.bouxhof.fr\/wp-content\/uploads\/2018\/07\/gite-mittlewihr-proche-colmar-riquewihr-alsace.jpg 615w, https:\/\/www.bouxhof.fr\/wp-content\/uploads\/2018\/07\/gite-mittlewihr-proche-colmar-riquewihr-alsace-500x375.jpg 500w, https:\/\/www.bouxhof.fr\/wp-content\/uploads\/2018\/07\/gite-mittlewihr-proche-colmar-riquewihr-alsace-300x225.jpg 300w\" sizes=\"(max-width: 615px) 100vw, 615px\" \/><\/div><\/div><\/div><div class=\"wpb_column vc_column_container vc_col-sm-4\"><div class=\"vc_column-inner \"><div class=\"wpb_wrapper\"><img width=\"615\" height=\"461\" src=\"https:\/\/www.bouxhof.fr\/wp-content\/uploads\/2018\/07\/portail-gite-mittlewihr-proche-colmar-riquewihr-alsace.jpg\" class=\"alignleft attachment-full\" alt=\"portail gite Mittlewihr proche de colmar et riquewihr au coeur vigne alsace\" decoding=\"async\" loading=\"lazy\" srcset=\"https:\/\/www.bouxhof.fr\/wp-content\/uploads\/2018\/07\/portail-gite-mittlewihr-proche-colmar-riquewihr-alsace.jpg 615w, https:\/\/www.bouxhof.fr\/wp-content\/uploads\/2018\/07\/portail-gite-mittlewihr-proche-colmar-riquewihr-alsace-500x375.jpg 500w, https:\/\/www.bouxhof.fr\/wp-content\/uploads\/2018\/07\/portail-gite-mittlewihr-proche-colmar-riquewihr-alsace-300x225.jpg 300w\" sizes=\"(max-width: 615px) 100vw, 615px\" \/><\/div><\/div><\/div><\/div><div class=\"vc_row wpb_row vc_row-fluid\"><div class=\"aligncenter wpb_column vc_column_container vc_col-sm-12\"><div class=\"vc_column-inner \"><div class=\"wpb_wrapper\"><div class='dt-sc-hr-invisible-medium '> <\/div><div class='dt-sc-small-separator '><\/div><div class='dt-sc-hr-invisible-small '> <\/div><\/div><\/div><\/div><\/div><div class=\"vc_row wpb_row vc_row-fluid\"><div class=\"wpb_column vc_column_container vc_col-sm-6 vc_col-lg-4 vc_col-md-6 vc_col-has-fill\"><div class=\"vc_column-inner vc_custom_1531926228249\"><div class=\"wpb_wrapper\">\r\n\t<div class=\"wpb_text_column wpb_content_element \" >\r\n\t\t<div class=\"wpb_wrapper\">\r\n\t\t\t<h4>Chambre Tour<\/h4>\n<p>Grande chambre double de 30m2&nbsp; dans une des tours du b\u00e2timent principal avec des vues magnifiques surplombant le vignoble. Salle de bain en suite et coin petit-d\u00e9jeuner avec bouilloire, cafeti\u00e8re Sens\u00e9o et petit frigo.<\/p>\n<p>Joli jardin pour se d\u00e9tendre et profiter d\u2019un bon verre de vin au calme.<\/p>\n<p>&nbsp;<\/p>\n\r\n\t\t<\/div>\r\n\t<\/div>\r\n<\/div><\/div><\/div><div class=\"wpb_column vc_column_container vc_col-sm-4\"><div class=\"vc_column-inner \"><div class=\"wpb_wrapper\"><img width=\"1800\" height=\"2000\" src=\"https:\/\/www.bouxhof.fr\/wp-content\/uploads\/2021\/06\/gite-tour-proche-colmar.jpg\" class=\"alignleft attachment-full\" alt=\"Domaine du Bouxhof : Gite proche de Colmar dans une tour\" decoding=\"async\" loading=\"lazy\" srcset=\"https:\/\/www.bouxhof.fr\/wp-content\/uploads\/2021\/06\/gite-tour-proche-colmar.jpg 270w, https:\/\/www.bouxhof.fr\/wp-content\/uploads\/2021\/06\/gite-tour-proche-colmar.jpg 922w, https:\/\/www.bouxhof.fr\/wp-content\/uploads\/2021\/06\/gite-tour-proche-colmar.jpg 768w, https:\/\/www.bouxhof.fr\/wp-content\/uploads\/2021\/06\/gite-tour-proche-colmar.jpg 1382w, https:\/\/www.bouxhof.fr\/wp-content\/uploads\/2021\/06\/gite-tour-proche-colmar.jpg 11w, https:\/\/www.bouxhof.fr\/wp-content\/uploads\/2021\/06\/gite-tour-proche-colmar.jpg 500w, https:\/\/www.bouxhof.fr\/wp-content\/uploads\/2021\/06\/gite-tour-proche-colmar.jpg 1800w\" sizes=\"(max-width: 1800px) 100vw, 1800px\" \/><\/div><\/div><\/div><div class=\"wpb_column vc_column_container vc_col-sm-4\"><div class=\"vc_column-inner \"><div class=\"wpb_wrapper\"><img width=\"1200\" height=\"800\" src=\"https:\/\/www.bouxhof.fr\/wp-content\/uploads\/2021\/06\/gite-proche-colmar.jpg\" class=\"alignleft attachment-full\" alt=\"Domaine Bouxhof - Giite proche de Colmar\" decoding=\"async\" loading=\"lazy\" srcset=\"https:\/\/www.bouxhof.fr\/wp-content\/uploads\/2021\/06\/gite-proche-colmar.jpg 300w, https:\/\/www.bouxhof.fr\/wp-content\/uploads\/2021\/06\/gite-proche-colmar.jpg 1024w, https:\/\/www.bouxhof.fr\/wp-content\/uploads\/2021\/06\/gite-proche-colmar.jpg 768w, https:\/\/www.bouxhof.fr\/wp-content\/uploads\/2021\/06\/gite-proche-colmar.jpg 16w, https:\/\/www.bouxhof.fr\/wp-content\/uploads\/2021\/06\/gite-proche-colmar.jpg 500w, https:\/\/www.bouxhof.fr\/wp-content\/uploads\/2021\/06\/gite-proche-colmar.jpg 1200w\" sizes=\"(max-width: 1200px) 100vw, 1200px\" \/><\/div><\/div><\/div><\/div><div class=\"vc_row wpb_row vc_row-fluid\"><div class=\"aligncenter wpb_column vc_column_container vc_col-sm-12\"><div class=\"vc_column-inner \"><div class=\"wpb_wrapper\"><div class='dt-sc-hr-invisible-medium '> <\/div><div class='dt-sc-small-separator '><\/div><div class='dt-sc-hr-invisible-small '> <\/div><\/div><\/div><\/div><\/div><div class=\"vc_row wpb_row vc_row-fluid d-none\"><div class=\"wpb_column vc_column_container vc_col-sm-6 vc_col-lg-4 vc_col-md-6 vc_col-has-fill\"><div class=\"vc_column-inner vc_custom_1531926254935\"><div class=\"wpb_wrapper\">\r\n\t<div class=\"wpb_text_column wpb_content_element \" >\r\n\t\t<div class=\"wpb_wrapper\">\r\n\t\t\t<h4>G\u00eete \u201c Vendanges\u201d<\/h4>\n<p>G\u00eete pour 6 \u00e0 8 personnes.<\/p>\n<p>3 chambres (1 chambre suppl\u00e9mentaire sur le m\u00eame palier si 7\/8 personnes), grand salon\/salle \u00e0 manger.<\/p>\n<p>Cuisine \u00e9quip\u00e9e. Terrasse au calme au c\u0153ur des vignes avec vue sur les vignes et collines.<\/p>\n\r\n\t\t<\/div>\r\n\t<\/div>\r\n<\/div><\/div><\/div><div class=\"wpb_column vc_column_container vc_col-sm-4\"><div class=\"vc_column-inner \"><div class=\"wpb_wrapper\"><img width=\"1200\" height=\"800\" src=\"https:\/\/www.bouxhof.fr\/wp-content\/uploads\/2018\/06\/gite-vendanges.jpg\" class=\"alignleft attachment-full\" alt=\"gite vendanges Mittlewihr proche de colmar et riquewihr au coeur vigne alsace\" decoding=\"async\" loading=\"lazy\" srcset=\"https:\/\/www.bouxhof.fr\/wp-content\/uploads\/2018\/06\/gite-vendanges.jpg 1200w, https:\/\/www.bouxhof.fr\/wp-content\/uploads\/2018\/06\/gite-vendanges-500x333.jpg 500w, https:\/\/www.bouxhof.fr\/wp-content\/uploads\/2018\/06\/gite-vendanges-300x200.jpg 300w, https:\/\/www.bouxhof.fr\/wp-content\/uploads\/2018\/06\/gite-vendanges-768x512.jpg 768w, https:\/\/www.bouxhof.fr\/wp-content\/uploads\/2018\/06\/gite-vendanges-1024x683.jpg 1024w\" sizes=\"(max-width: 1200px) 100vw, 1200px\" \/><\/div><\/div><\/div><div class=\"wpb_column vc_column_container vc_col-sm-4\"><div class=\"vc_column-inner \"><div class=\"wpb_wrapper\"><img width=\"1200\" height=\"800\" src=\"https:\/\/www.bouxhof.fr\/wp-content\/uploads\/2018\/07\/gite-vendanges-mittlewihr-proche-colmar-riquewihr-alsace.jpg\" class=\"alignleft attachment-full\" alt=\"jardin gite Mittlewihr proche de colmar et riquewihr au coeur vigne alsace\" decoding=\"async\" loading=\"lazy\" srcset=\"https:\/\/www.bouxhof.fr\/wp-content\/uploads\/2018\/07\/gite-vendanges-mittlewihr-proche-colmar-riquewihr-alsace.jpg 1200w, https:\/\/www.bouxhof.fr\/wp-content\/uploads\/2018\/07\/gite-vendanges-mittlewihr-proche-colmar-riquewihr-alsace-500x333.jpg 500w, https:\/\/www.bouxhof.fr\/wp-content\/uploads\/2018\/07\/gite-vendanges-mittlewihr-proche-colmar-riquewihr-alsace-300x200.jpg 300w, https:\/\/www.bouxhof.fr\/wp-content\/uploads\/2018\/07\/gite-vendanges-mittlewihr-proche-colmar-riquewihr-alsace-768x512.jpg 768w, https:\/\/www.bouxhof.fr\/wp-content\/uploads\/2018\/07\/gite-vendanges-mittlewihr-proche-colmar-riquewihr-alsace-1024x683.jpg 1024w\" sizes=\"(max-width: 1200px) 100vw, 1200px\" \/><\/div><\/div><\/div><\/div><div class=\"vc_row wpb_row vc_row-fluid\"><div class=\"wpb_column vc_column_container vc_col-sm-6 vc_col-lg-4 vc_col-md-6 vc_col-has-fill\"><div class=\"vc_column-inner vc_custom_1531926254935\"><div class=\"wpb_wrapper\">\r\n\t<div class=\"wpb_text_column wpb_content_element \" >\r\n\t\t<div class=\"wpb_wrapper\">\r\n\t\t\t<h4>G\u00eete Milieu \u201cLe Muscat\u201d<\/h4>\n<p>G\u00eete pour 2 \u00e0 3 personnes dans le b\u00e2timent historique.<\/p>\n<p>Une chambre, grand salon \/salle \u00e0 manger avec 1 lit 1 personne. Cuisine \u00e9quip\u00e9e. Belle terrasse au calme avec vue sur les vignes.<\/p>\n\r\n\t\t<\/div>\r\n\t<\/div>\r\n<\/div><\/div><\/div><div class=\"wpb_column vc_column_container vc_col-sm-4\"><div class=\"vc_column-inner \"><div class=\"wpb_wrapper\"><img width=\"1920\" height=\"1440\" src=\"https:\/\/www.bouxhof.fr\/wp-content\/uploads\/2023\/07\/gite-milieu-1.jpg\" class=\"alignleft attachment-full\" alt=\"\" decoding=\"async\" loading=\"lazy\" srcset=\"https:\/\/www.bouxhof.fr\/wp-content\/uploads\/2023\/07\/gite-milieu-1.jpg 1920w, https:\/\/www.bouxhof.fr\/wp-content\/uploads\/2023\/07\/gite-milieu-1-300x225.jpg 300w, https:\/\/www.bouxhof.fr\/wp-content\/uploads\/2023\/07\/gite-milieu-1-1024x768.jpg 1024w, https:\/\/www.bouxhof.fr\/wp-content\/uploads\/2023\/07\/gite-milieu-1-768x576.jpg 768w, https:\/\/www.bouxhof.fr\/wp-content\/uploads\/2023\/07\/gite-milieu-1-1536x1152.jpg 1536w, https:\/\/www.bouxhof.fr\/wp-content\/uploads\/2023\/07\/gite-milieu-1-16x12.jpg 16w, https:\/\/www.bouxhof.fr\/wp-content\/uploads\/2023\/07\/gite-milieu-1-500x375.jpg 500w\" sizes=\"(max-width: 1920px) 100vw, 1920px\" \/><\/div><\/div><\/div><div class=\"wpb_column vc_column_container vc_col-sm-4\"><div class=\"vc_column-inner \"><div class=\"wpb_wrapper\"><img width=\"1920\" height=\"1440\" src=\"https:\/\/www.bouxhof.fr\/wp-content\/uploads\/2023\/07\/gite-milieu-2.jpg\" class=\"alignleft attachment-full\" alt=\"\" decoding=\"async\" loading=\"lazy\" srcset=\"https:\/\/www.bouxhof.fr\/wp-content\/uploads\/2023\/07\/gite-milieu-2.jpg 1920w, https:\/\/www.bouxhof.fr\/wp-content\/uploads\/2023\/07\/gite-milieu-2-300x225.jpg 300w, https:\/\/www.bouxhof.fr\/wp-content\/uploads\/2023\/07\/gite-milieu-2-1024x768.jpg 1024w, https:\/\/www.bouxhof.fr\/wp-content\/uploads\/2023\/07\/gite-milieu-2-768x576.jpg 768w, https:\/\/www.bouxhof.fr\/wp-content\/uploads\/2023\/07\/gite-milieu-2-1536x1152.jpg 1536w, https:\/\/www.bouxhof.fr\/wp-content\/uploads\/2023\/07\/gite-milieu-2-16x12.jpg 16w, https:\/\/www.bouxhof.fr\/wp-content\/uploads\/2023\/07\/gite-milieu-2-500x375.jpg 500w\" sizes=\"(max-width: 1920px) 100vw, 1920px\" \/><\/div><\/div><\/div><\/div><div class=\"vc_row wpb_row vc_row-fluid\"><div class=\"aligncenter wpb_column vc_column_container vc_col-sm-12\"><div class=\"vc_column-inner \"><div class=\"wpb_wrapper\"><div class='dt-sc-hr-invisible-medium '> <\/div><div class='dt-sc-small-separator '><\/div><div class='dt-sc-hr-invisible-small '> <\/div><\/div><\/div><\/div><\/div><div class=\"vc_row wpb_row vc_row-fluid d-none\"><div class=\"wpb_column vc_column_container vc_col-sm-6 vc_col-lg-4 vc_col-md-6 vc_col-has-fill\"><div class=\"vc_column-inner vc_custom_1531926268201\"><div class=\"wpb_wrapper\">\r\n\t<div class=\"wpb_text_column wpb_content_element \" >\r\n\t\t<div class=\"wpb_wrapper\">\r\n\t\t\t<h4>G\u00eete \u201c Bennwihr\u201d<\/h4>\n<p>Petite maison individuelle dans le village viticole de Bennwihr pour 2 \u00e0 4 personnes.<\/p>\n<p>Deux chambres. Cuisine \u00e9quip\u00e9e et ouverte sur le s\u00e9jour. Jardin au calme.<\/p>\n\r\n\t\t<\/div>\r\n\t<\/div>\r\n<\/div><\/div><\/div><div class=\"wpb_column vc_column_container vc_col-sm-4\"><div class=\"vc_column-inner \"><div class=\"wpb_wrapper\"><img width=\"1200\" height=\"800\" src=\"https:\/\/www.bouxhof.fr\/wp-content\/uploads\/2018\/06\/gite-bennwihr.jpg\" class=\"alignleft attachment-full\" alt=\"\" decoding=\"async\" loading=\"lazy\" srcset=\"https:\/\/www.bouxhof.fr\/wp-content\/uploads\/2018\/06\/gite-bennwihr.jpg 1200w, https:\/\/www.bouxhof.fr\/wp-content\/uploads\/2018\/06\/gite-bennwihr-500x333.jpg 500w, https:\/\/www.bouxhof.fr\/wp-content\/uploads\/2018\/06\/gite-bennwihr-300x200.jpg 300w, https:\/\/www.bouxhof.fr\/wp-content\/uploads\/2018\/06\/gite-bennwihr-768x512.jpg 768w, https:\/\/www.bouxhof.fr\/wp-content\/uploads\/2018\/06\/gite-bennwihr-1024x683.jpg 1024w\" sizes=\"(max-width: 1200px) 100vw, 1200px\" \/><\/div><\/div><\/div><div class=\"wpb_column vc_column_container vc_col-sm-4\"><div class=\"vc_column-inner \"><div class=\"wpb_wrapper\"><img width=\"1200\" height=\"800\" src=\"https:\/\/www.bouxhof.fr\/wp-content\/uploads\/2018\/07\/gite-bennwihr-mittlewihr-proche-colmar-riquewihr-alsace.jpg\" class=\"alignleft attachment-full\" alt=\"\" decoding=\"async\" loading=\"lazy\" srcset=\"https:\/\/www.bouxhof.fr\/wp-content\/uploads\/2018\/07\/gite-bennwihr-mittlewihr-proche-colmar-riquewihr-alsace.jpg 1200w, https:\/\/www.bouxhof.fr\/wp-content\/uploads\/2018\/07\/gite-bennwihr-mittlewihr-proche-colmar-riquewihr-alsace-500x333.jpg 500w, https:\/\/www.bouxhof.fr\/wp-content\/uploads\/2018\/07\/gite-bennwihr-mittlewihr-proche-colmar-riquewihr-alsace-300x200.jpg 300w, https:\/\/www.bouxhof.fr\/wp-content\/uploads\/2018\/07\/gite-bennwihr-mittlewihr-proche-colmar-riquewihr-alsace-768x512.jpg 768w, https:\/\/www.bouxhof.fr\/wp-content\/uploads\/2018\/07\/gite-bennwihr-mittlewihr-proche-colmar-riquewihr-alsace-1024x683.jpg 1024w\" sizes=\"(max-width: 1200px) 100vw, 1200px\" \/><\/div><\/div><\/div><\/div><div class=\"vc_row wpb_row vc_row-fluid\"><div class=\"wpb_column vc_column_container vc_col-sm-6 vc_col-lg-4 vc_col-md-6 vc_col-has-fill\"><div class=\"vc_column-inner vc_custom_1531926268201\"><div class=\"wpb_wrapper\">\r\n\t<div class=\"wpb_text_column wpb_content_element \" >\r\n\t\t<div class=\"wpb_wrapper\">\r\n\t\t\t<h4>Chambres \u201cMyosotis\u201d &amp; \u201cPivoine\u201d<\/h4>\n<p>Jolies chambres avec vue sur le vignoble.<\/p>\n<p>Salle de bains individuelle&nbsp; et coin petit-d\u00e9jeuner avec bouilloire, cafeti\u00e8re Sens\u00e9o et petit frigo. Jardin pour se relaxer au calme.<\/p>\n\r\n\t\t<\/div>\r\n\t<\/div>\r\n<\/div><\/div><\/div><div class=\"wpb_column vc_column_container vc_col-sm-4\"><div class=\"vc_column-inner \"><div class=\"wpb_wrapper\"><img width=\"1200\" height=\"800\" src=\"https:\/\/www.bouxhof.fr\/wp-content\/uploads\/2023\/07\/myosotis.jpg\" class=\"alignleft attachment-full\" alt=\"\" decoding=\"async\" loading=\"lazy\" srcset=\"https:\/\/www.bouxhof.fr\/wp-content\/uploads\/2023\/07\/myosotis.jpg 1200w, https:\/\/www.bouxhof.fr\/wp-content\/uploads\/2023\/07\/myosotis-300x200.jpg 300w, https:\/\/www.bouxhof.fr\/wp-content\/uploads\/2023\/07\/myosotis-1024x683.jpg 1024w, https:\/\/www.bouxhof.fr\/wp-content\/uploads\/2023\/07\/myosotis-768x512.jpg 768w, https:\/\/www.bouxhof.fr\/wp-content\/uploads\/2023\/07\/myosotis-18x12.jpg 18w, https:\/\/www.bouxhof.fr\/wp-content\/uploads\/2023\/07\/myosotis-500x333.jpg 500w\" sizes=\"(max-width: 1200px) 100vw, 1200px\" \/><\/div><\/div><\/div><div class=\"wpb_column vc_column_container vc_col-sm-4\"><div class=\"vc_column-inner \"><div class=\"wpb_wrapper\"><img width=\"2000\" height=\"1500\" src=\"https:\/\/www.bouxhof.fr\/wp-content\/uploads\/2023\/07\/pivoine.jpg\" class=\"alignleft attachment-full\" alt=\"\" decoding=\"async\" loading=\"lazy\" srcset=\"https:\/\/www.bouxhof.fr\/wp-content\/uploads\/2023\/07\/pivoine.jpg 2000w, https:\/\/www.bouxhof.fr\/wp-content\/uploads\/2023\/07\/pivoine-300x225.jpg 300w, https:\/\/www.bouxhof.fr\/wp-content\/uploads\/2023\/07\/pivoine-1024x768.jpg 1024w, https:\/\/www.bouxhof.fr\/wp-content\/uploads\/2023\/07\/pivoine-768x576.jpg 768w, https:\/\/www.bouxhof.fr\/wp-content\/uploads\/2023\/07\/pivoine-1536x1152.jpg 1536w, https:\/\/www.bouxhof.fr\/wp-content\/uploads\/2023\/07\/pivoine-16x12.jpg 16w, https:\/\/www.bouxhof.fr\/wp-content\/uploads\/2023\/07\/pivoine-500x375.jpg 500w\" sizes=\"(max-width: 2000px) 100vw, 2000px\" \/><\/div><\/div><\/div><\/div>\n","protected":false},"excerpt":{"rendered":"Nos g\u00eetes class\u00e9s 3 \u00e9pis Au domaine du Bouxhof, nous vous offrons la possibilit\u00e9 de louer des gites traditionnels, proches de Colmar, Riquewihr et Mittelwihr, pour passer d\u2019agr\u00e9ables vacances. Toutes nos locations de gites se situent dans des zones rurales, au calme pr\u00e8s des vignobles ou vous pourrez y d\u00e9couvrir la gastronomie alsacienne, nos vins [...]","protected":false},"author":1,"featured_media":0,"parent":0,"menu_order":0,"comment_status":"closed","ping_status":"closed","template":"","meta":{"ngg_post_thumbnail":0},"_links":{"self":[{"href":"http:\/\/www.bouxhof.fr\/fr_fr\/wp-json\/wp\/v2\/pages\/10754"}],"collection":[{"href":"http:\/\/www.bouxhof.fr\/fr_fr\/wp-json\/wp\/v2\/pages"}],"about":[{"href":"http:\/\/www.bouxhof.fr\/fr_fr\/wp-json\/wp\/v2\/types\/page"}],"author":[{"embeddable":true,"href":"http:\/\/www.bouxhof.fr\/fr_fr\/wp-json\/wp\/v2\/users\/1"}],"replies":[{"embeddable":true,"href":"http:\/\/www.bouxhof.fr\/fr_fr\/wp-json\/wp\/v2\/comments?post=10754"}],"version-history":[{"count":11,"href":"http:\/\/www.bouxhof.fr\/fr_fr\/wp-json\/wp\/v2\/pages\/10754\/revisions"}],"predecessor-version":[{"id":12482,"href":"http:\/\/www.bouxhof.fr\/fr_fr\/wp-json\/wp\/v2\/pages\/10754\/revisions\/12482"}],"wp:attachment":[{"href":"http:\/\/www.bouxhof.fr\/fr_fr\/wp-json\/wp\/v2\/media?parent=10754"}],"curies":[{"name":"wp","href":"https:\/\/api.w.org\/{rel}","templated":true}]}}